{"id":35557,"date":"2022-03-22T20:24:26","date_gmt":"2022-03-23T00:24:26","guid":{"rendered":"https:\/\/ashtonschool.edu.do\/?page_id=35557"},"modified":"2025-03-18T20:10:39","modified_gmt":"2025-03-19T00:10:39","slug":"board","status":"publish","type":"page","link":"https:\/\/ashtonschool.edu.do\/es\/board\/","title":{"rendered":"Junta Directiva"},"content":{"rendered":"<div class=\"wpb-content-wrapper\"><section class=\"l-section wpb_row us_custom_545c6add title_bcrumbs height_auto width_full color_primary\"><div class=\"l-section-h i-cf\"><div class=\"g-cols vc_row via_flex valign_bottom type_default\"><div class=\"vc_col-sm-12 wpb_column vc_column_container\"><div class=\"vc_column-inner\"><div class=\"wpb_wrapper\"><ol class=\"g-breadcrumbs us_custom_af2c4e2f separator_icon align_none\" itemscope itemtype=\"http:\/\/schema.org\/BreadcrumbList\"><li class=\"g-breadcrumbs-item\" itemscope itemprop=\"itemListElement\" itemtype=\"http:\/\/schema.org\/ListItem\"><a itemprop=\"item\" href=\"https:\/\/ashtonschool.edu.do\/es\/\"><span itemprop=\"name\">Inicio<\/span><\/a><meta itemprop=\"position\" content=\"1\"\/><\/li><li class=\"g-breadcrumbs-separator\"><i class=\"fas fa-angle-right\"><\/i><\/li><li class=\"g-breadcrumbs-item\">P\u00e1ginas<\/li><\/ol><div class=\"w-html\"><ol class=\"g-breadcrumbs separator_icon align_right  title_bcrumbs\">\n<li class=\"g-breadcrumbs-item\">SIGUIENTE \n<a class=\"next_page\" href=\"https:\/\/ashtonschool.edu.do\/history\">Historia \n<\/a><span class=\"arrow\"> \u2192<\/span><\/li>\n<\/ol><\/div><\/div><\/div><\/div><\/div><\/div><\/section><section class=\"l-section wpb_row us_custom_4df963ae height_medium full_height valign_bottom width_full color_secondary with_img with_shape\"><div class=\"l-section-img lazyload\" style=\"background-image:inherit;background-repeat: no-repeat;\" data-img-width=\"1578\" data-img-height=\"804\" data-bg-image=\"url(https:\/\/ashtonschool.edu.do\/wp-content\/uploads\/PHOTO-2024-07-01-12-02-26.jpg)\"><\/div><div class=\"l-section-overlay\" style=\"background:rgba(33,33,33,0.1)\"><\/div><div class=\"l-section-shape type_triangle-inv pos_bottom\" style=\"height:6vh;\"><svg xmlns=\"http:\/\/www.w3.org\/2000\/svg\" viewbox=\"0 0 64 8\" preserveaspectratio=\"none\" width=\"100%\" height=\"100%\">\r\n\t<path fill=\"currentColor\" d=\"M64 9 L0 9 L0 7.9 L32 0 L64 7.9 Z\"\/>\r\n<\/svg><\/div><div class=\"l-section-h i-cf\"><div class=\"g-cols vc_row via_flex valign_bottom type_default\"><div class=\"vc_col-sm-12 wpb_column vc_column_container\"><div class=\"vc_column-inner\"><div class=\"wpb_wrapper\"><h1 class=\"w-post-elm post_title us_custom_39fa513e align_center entry-title color_link_inherit\">Junta Directiva<\/h1><div class=\"w-iconbox us_custom_2a7b0b6c iconpos_top style_default color_custom align_center no_title no_text\"><a href=\"#thecontent\" class=\"w-iconbox-link\" aria-label=\"fas|chevron-abajo\"><div class=\"w-iconbox-icon\" style=\"font-size:2rem;color:#ffffff;\"><i class=\"fas fa-chevron-down\"><\/i><\/div><\/a><div class=\"w-iconbox-meta\"><\/div><\/div><\/div><\/div><\/div><\/div><\/div><\/section><section class=\"l-section wpb_row us_custom_9620d039 height_auto width_full\"><div class=\"l-section-h i-cf\"><div class=\"g-cols vc_row via_flex valign_top type_default\"><div class=\"vc_col-sm-12 wpb_column vc_column_container\"><div class=\"vc_column-inner\"><div class=\"wpb_wrapper\"><div class=\"w-separator size_medium with_line width_default thick_1 style_solid color_border align_center with_text with_content\"><div class=\"w-separator-h\"><h2 class=\"w-separator-text\"><span>Junta Directiva<\/span><\/h2><\/div><\/div><div class=\"w-separator size_custom\" style=\"height:30px\"><\/div><div class=\"wpb_text_column\"><div class=\"wpb_wrapper\"><p>La escuela est\u00e1 gobernada por una Junta Directiva que consta de ocho miembros, dos de los cuales son miembros rotativos que se desempe\u00f1an como presidente de la Asociaci\u00f3n de Padres de la Escuela Ashton (ASPAS) y un oficial ejecutivo estudiantil del Consejo Estudiantil (STUCO). Este \u00faltimo participa en una de las tres o cuatro reuniones que se realizan al a\u00f1o, a menos que se le solicite participar con m\u00e1s frecuencia. La Junta establece, revisa y aprueba las pol\u00edticas, al tiempo que conf\u00eda el funcionamiento general de la escuela al director de la escuela y a los miembros acad\u00e9micos y administrativos generales (GAAM).<\/p>\n<\/div><\/div><div class=\"w-separator size_custom\" style=\"height:30px\"><\/div><div class=\"w-separator us_custom_ea76afbe size_medium with_line width_default thick_1 style_solid color_border align_center with_text with_content\"><div class=\"w-separator-h\"><h3 class=\"w-separator-text\"><span>Miembros de la Junta<\/span><\/h3><\/div><\/div><div class=\"w-separator size_custom\" style=\"height:30px\"><\/div><div class=\"w-tabs layout_ver navwidth_auto navpos_left style_default switch_click has_scrolling\" style=\"--sections-title-size:1em\"><div class=\"w-tabs-list items_6 align_none\"><div class=\"w-tabs-list-h\"><a class=\"w-tabs-item active\" aria-controls=\"content-f98f\" href=\"javascript:void(0);\"><span class=\"w-tabs-item-title\">Presidente<\/span><\/a><a class=\"w-tabs-item\" aria-controls=\"content-yab1\" href=\"javascript:void(0);\"><span class=\"w-tabs-item-title\">Vicepresidente<\/span><\/a><a class=\"w-tabs-item\" aria-controls=\"content-kbfc\" href=\"javascript:void(0);\"><span class=\"w-tabs-item-title\">Secretario<\/span><\/a><a class=\"w-tabs-item\" aria-controls=\"content-ud4f\" href=\"javascript:void(0);\"><span class=\"w-tabs-item-title\">Vocal<\/span><\/a><a class=\"w-tabs-item\" aria-controls=\"content-meb4\" href=\"javascript:void(0);\"><span class=\"w-tabs-item-title\">Directora de la Escuela<\/span><\/a><a class=\"w-tabs-item\" aria-controls=\"content-kfd5\" href=\"javascript:void(0);\"><span class=\"w-tabs-item-title\">Representante ASPAS<\/span><\/a><\/div><\/div><div class=\"w-tabs-sections titles-align_none icon_chevron cpos_right\"><div class=\"w-tabs-section active\" id=\"f98f\"><button aria-controls=\"content-f98f\" class=\"w-tabs-section-header active\"><div class=\"w-tabs-section-title\">Presidente<\/div><div class=\"w-tabs-section-control\"><\/div><\/button><div  class=\"w-tabs-section-content\" id=\"content-f98f\" aria-expanded=\"true\"><div class=\"w-tabs-section-content-h i-cf\"><div class=\"wpb_text_column\"><div class=\"wpb_wrapper\"><h4 style=\"margin-bottom: 0; padding-bottom: 0; font-weight: normal;\">Jorge Luis Pel\u00e1ez<\/h4>\n<p><em>Presidente<\/em><\/p>\n<p>El Sr. Pel\u00e1ez tiene 26 a\u00f1os de experiencia en el sector educativo. Es el fundador del Ashton School, establecido en 1998, y de la Fundaci\u00f3n Ashton, la cual preside. Tambi\u00e9n es expresidente de AINEP y miembro del Consejo Asesor de World Vision RD.<\/p>\n<p>Proviene de una familia de educadores y se considera un administrador de lo que Dios ha puesto en sus manos, por lo que busca honrarlo, glorificarlo y llevar su mensaje en todas sus actividades.<\/p>\n<p>Tambi\u00e9n tiene experiencia militar y en el \u00e1rea de construcci\u00f3n, es dentista de profesi\u00f3n y cuenta con un posgrado en Gesti\u00f3n de Centros Educativos. Adem\u00e1s, desde los inicios del Ashton se desempe\u00f1\u00f3 como Director Administrativo durante 12 a\u00f1os, y luego asumi\u00f3 el cargo de Presidente de la Junta Directiva desde 2010 hasta la fecha.<\/p>\n<\/div><\/div><\/div><\/div><\/div><div class=\"w-tabs-section\" id=\"yab1\"><button aria-controls=\"content-yab1\" class=\"w-tabs-section-header\"><div class=\"w-tabs-section-title\">Vicepresidente<\/div><div class=\"w-tabs-section-control\"><\/div><\/button><div  class=\"w-tabs-section-content\" id=\"content-yab1\" aria-expanded=\"false\"><div class=\"w-tabs-section-content-h i-cf\"><div class=\"wpb_text_column\"><div class=\"wpb_wrapper\"><h4 style=\"margin-bottom: 0; padding-bottom: 0; font-weight: normal;\">Myrna Morales<\/h4>\n<p><em>Vicepresidente de la Junta<\/em><\/p>\n<\/div><\/div><\/div><\/div><\/div><div class=\"w-tabs-section\" id=\"kbfc\"><button aria-controls=\"content-kbfc\" class=\"w-tabs-section-header\"><div class=\"w-tabs-section-title\">Secretario<\/div><div class=\"w-tabs-section-control\"><\/div><\/button><div  class=\"w-tabs-section-content\" id=\"content-kbfc\" aria-expanded=\"false\"><div class=\"w-tabs-section-content-h i-cf\"><div class=\"wpb_text_column\"><div class=\"wpb_wrapper\"><h4 style=\"margin-bottom: 0; padding-bottom: 0; font-weight: normal;\">Audrey Moore<\/h4>\n<p><em>Secretario de la Junta<\/em><\/p>\n<p>Audrey Moore ha estado involucrada en la educaci\u00f3n desde 1994. Trabaj\u00f3 como profesora durante nueve a\u00f1os, ense\u00f1ando Ciencias Sociales, Espa\u00f1ol y Biolog\u00eda en la escuela secundaria, y ha desempe\u00f1ado roles administrativos desde 2003. Forma parte de la familia Ashton desde 2004 y tiene dos hijos que se graduaron de nuestra instituci\u00f3n educativa.<\/p>\n<p>Actualmente, se desempe\u00f1a como Secretaria de la Junta Directiva, cargo que ha ocupado durante 14 a\u00f1os. Se uni\u00f3 a la instituci\u00f3n inspirada por la misi\u00f3n de la Fundaci\u00f3n Ashton, con un profundo deseo de servir y apoyar a los m\u00e1s necesitados, extendiendo la educaci\u00f3n de Ashton a las comunidades marginadas. Esta visi\u00f3n dio origen al Aula HOPE, nacida con la esperanza de transformar las vidas de sus estudiantes y sus comunidades.<\/p>\n<p>Es miembro fundadora de la Fundaci\u00f3n Ashton, anteriormente se desempe\u00f1\u00f3 como Subdirectora Ejecutiva de Aula HOPE y actualmente ocupa el cargo de Directora Ejecutiva. Le apasiona ayudar y servir a los dem\u00e1s, as\u00ed como ser testigo de c\u00f3mo Dios obra en la vida de sus estudiantes.<\/p>\n<p>Audrey cree firmemente que estamos aqu\u00ed para servir, siguiendo el ejemplo de Jesucristo, y que la mejor manera de liderar es a trav\u00e9s de acciones.<\/p>\n<p>Posee un t\u00edtulo de M\u00e9dico Cirujano del Instituto Tecnol\u00f3gico de Santo Domingo (INTEC) y ha realizado estudios universitarios adicionales en Educaci\u00f3n en la misma instituci\u00f3n.<\/p>\n<\/div><\/div><\/div><\/div><\/div><div class=\"w-tabs-section\" id=\"ud4f\"><button aria-controls=\"content-ud4f\" class=\"w-tabs-section-header\"><div class=\"w-tabs-section-title\">Vocal<\/div><div class=\"w-tabs-section-control\"><\/div><\/button><div  class=\"w-tabs-section-content\" id=\"content-ud4f\" aria-expanded=\"false\"><div class=\"w-tabs-section-content-h i-cf\"><div class=\"wpb_text_column\"><div class=\"wpb_wrapper\"><h4 style=\"margin-bottom: 0; padding-bottom: 0;\">Mary-Anne Hipp<\/h4>\n<p>Vocal<\/p>\n<h4 style=\"margin-bottom: 0; padding-bottom: 0;\">Jose Mendoza<\/h4>\n<p>Vocal<\/p>\n<p>Jos\u00e9 \u201cPepe\u201d Mendoza es peruano y ha trabajado como pastor y profesor de teolog\u00eda por m\u00e1s de 30 a\u00f1os en varios pa\u00edses. Ha obtenido t\u00edtulos teol\u00f3gicos en Per\u00fa, Chile y Canad\u00e1.<\/p>\n<p>\u00c9l y su familia regresaron al Per\u00fa despu\u00e9s de m\u00e1s de 25 a\u00f1os viviendo en diferentes pa\u00edses. Actualmente se desempe\u00f1a como Profesor de Teolog\u00eda, Director Editorial de una reconocida p\u00e1gina de contenidos cristianos y tambi\u00e9n es editor de literatura cristiana en espa\u00f1ol para varias editoriales. Tambi\u00e9n colabora con diferentes organismos internacionales para la difusi\u00f3n de material teol\u00f3gico en el mundo hisp\u00e1nico.<\/p>\n<p>Uno de los principales intereses del pastor Mendoza es la relaci\u00f3n entre la teolog\u00eda, la vida cotidiana, los valores de la sociedad y el trabajo. Es el Pastor Fraterno de la Iglesia B\u00edblica Cristiana en Lima, Per\u00fa desde el 2019. Est\u00e1 casado con Erika y tienen una hija, Adriana.<\/p>\n<h4 style=\"margin-bottom: 0; padding-bottom: 0;\">Dra. Rafaela Espaillat<\/h4>\n<p>Vocal<\/p>\n<p>Rafaela Espaillat es una abogada destacada que ha practicado el derecho durante m\u00e1s de 50 a\u00f1os en las \u00e1reas de derecho civil, laboral, penal y comercial en la Rep\u00fablica Dominicana. Es egresada de la Universidad Aut\u00f3noma de Santo Domingo (UASD), donde obtuvo el t\u00edtulo de Doctora en Derecho en 1971. Trabaj\u00f3 como ejecutora legal en el primer banco hipotecario del pa\u00eds y tiene una vasta experiencia en relaciones contractuales y resoluci\u00f3n de conflictos. Ha apoyado a la Escuela Ashton desde su establecimiento, sirviendo como su apoyo legal y brindando servicios de consultor\u00eda en todos los aspectos legales que involucran a terceros, as\u00ed como al Estado. Es cofundadora de los bufetes De La Cruz Espaillat y Asociados, fundados en 1980. Rafaela Espaillat est\u00e1 profundamente apasionada por ayudar a los dem\u00e1s a lograr sus objetivos. Tiene el coraz\u00f3n de una maestra, lo que significa que va m\u00e1s all\u00e1 para asistir en todo lo que pueda para resolver disputas. Es madre de tres hijos y abuela de seis nietos, quienes son su mundo. Actualmente, es la abuela de dos estudiantes de la Escuela Ashton y est\u00e1 involucrada en la ense\u00f1anza de la doctrina cristiana y los valores morales en un grupo comunitario de adultos. Sus conocimientos ayudan a la junta a confiar en su experiencia legal, as\u00ed como en sus valores, que sirven como base de la Escuela Ashton como instituci\u00f3n educativa.<\/p>\n<\/div><\/div><\/div><\/div><\/div><div class=\"w-tabs-section\" id=\"meb4\"><button aria-controls=\"content-meb4\" class=\"w-tabs-section-header\"><div class=\"w-tabs-section-title\">Directora de la Escuela<\/div><div class=\"w-tabs-section-control\"><\/div><\/button><div  class=\"w-tabs-section-content\" id=\"content-meb4\" aria-expanded=\"false\"><div class=\"w-tabs-section-content-h i-cf\"><div class=\"wpb_text_column\"><div class=\"wpb_wrapper\"><h4 style=\"margin-bottom: 0; padding-bottom: 0; font-weight: normal;\">In\u00e9s Gygax<\/h4>\n<p><em>Directora de la Escuela<\/em><\/p>\n<p>Mrs. In\u00e9s Gygax\u2019s 29 years as an educator and administrator have included middle and high school teacher, department head, academic director and\u00a0 since 2011 as head of school at Ashton School. These years have been filled with rewarding experiences, yet her passion is to see children and adolescents developing in academic understandings and skills while growing in their knowledge and love for God.<\/p>\n<p>Finalmente, hermanos y hermanas, todo lo que es verdadero, todo lo que es honorable, todo lo que es justo, todo lo que es puro, todo lo que es amable, todo lo que es digno de elogio, si hay alguna excelencia moral y si hay algo digno de alabanza, meditad en estas cosas. \u2013<\/p>\n<p>Si bien el &quot;tiempo libre&quot; a menudo incluye leer, cocinar y pasar tiempo con su familia, uno de los mayores placeres es buscar y explorar literatura sobre ideas innovadoras en educaci\u00f3n y profundizar en estrategias y programas comprobados por investigaci\u00f3n que beneficiar\u00e1n a los estudiantes y a la escuela en general. mejora. Estas actividades se disfrutan a\u00fan m\u00e1s si hay vista al mar o al lago.<\/p>\n<p>La Sra. Gygax tiene una licenciatura en Administraci\u00f3n de Empresas de la Universidad de Connecticut, una Maestr\u00eda en Educaci\u00f3n de Framingham State College y un Certificado en Liderazgo Educativo para Escuelas Internacionales de la Universidad Estatal de Buffalo de Nueva York. En 2016, la Sra. Gygax recibi\u00f3 una beca para participar en el programa Klingenstein Center for Independent School Leadership para directores de escuelas en Teachers College, Columbia University.<\/p>\n<blockquote>\n<p>Es una bendici\u00f3n servir a la comunidad de Ashton y contribuir a la vida de los ni\u00f1os que tenemos la bendici\u00f3n de educar.<\/p>\n<\/blockquote>\n<\/div><\/div><\/div><\/div><\/div><div class=\"w-tabs-section\" id=\"kfd5\"><button aria-controls=\"content-kfd5\" class=\"w-tabs-section-header\"><div class=\"w-tabs-section-title\">Representante ASPAS<\/div><div class=\"w-tabs-section-control\"><\/div><\/button><div  class=\"w-tabs-section-content\" id=\"content-kfd5\" aria-expanded=\"false\"><div class=\"w-tabs-section-content-h i-cf\"><div class=\"wpb_text_column\"><div class=\"wpb_wrapper\"><h4 style=\"margin-bottom: 0; padding-bottom: 0; font-weight: normal;\">Gianna Cortina<\/h4>\n<p><em>Representante ASPAS<\/em><\/p>\n<p>Gianna De Moya es arquitecta con estudios de posgrado en gesti\u00f3n de la construcci\u00f3n. Es una orgullosa madre de dos hijos: uno de ellos est\u00e1 actualmente cursando estudios universitarios en Montreal, Canad\u00e1, mientras que el otro est\u00e1 en noveno grado en la Escuela Ashton. Durante los \u00faltimos 15 a\u00f1os, Gianna ha estado activamente involucrada en actividades escolares. Este es su segundo a\u00f1o como presidenta de Aspas, aunque forma parte de la organizaci\u00f3n desde 2017. Le gusta colaborar con otros padres para apoyar el crecimiento y desarrollo de los estudiantes y la comunidad. Gianna y su esposo Augusto trabajan juntos como arquitectos en Cortina De Moya Arquitectos. Ella cree firmemente en la importancia de las relaciones significativas y valora las amistades duraderas. En su tiempo libre, Gianna disfruta viajar, leer y asistir a funciones de teatro. Por encima de todo, valora el tiempo en familia y atesora cada oportunidad para conectarse con sus seres queridos.<\/p>\n<\/div><\/div><\/div><\/div><\/div><\/div><\/div><\/div><\/div><\/div><\/div><\/div><\/section>\n<\/div>","protected":false},"excerpt":{"rendered":"InicioP\u00e1ginas SIGUIENTE Historia \u2192 Junta DirectivaJunta DirectivaLa escuela est\u00e1 gobernada por una Junta Directiva que consta de ocho miembros, dos de los cuales son miembros rotativos que sirven como presidente de la Asociaci\u00f3n de Padres de la Escuela Ashton (ASPAS) y un oficial ejecutivo estudiantil de el Consejo de Estudiantes (STUCO). Este \u00faltimo participa en una...","protected":false},"author":1,"featured_media":23694,"parent":0,"menu_order":0,"comment_status":"closed","ping_status":"closed","template":"","meta":{"_acf_changed":false,"inline_featured_image":false,"footnotes":"","_links_to":"","_links_to_target":""},"class_list":["post-35557","page","type-page","status-publish","has-post-thumbnail","hentry"],"acf":[],"_links":{"self":[{"href":"https:\/\/ashtonschool.edu.do\/es\/wp-json\/wp\/v2\/pages\/35557","targetHints":{"allow":["GET"]}}],"collection":[{"href":"https:\/\/ashtonschool.edu.do\/es\/wp-json\/wp\/v2\/pages"}],"about":[{"href":"https:\/\/ashtonschool.edu.do\/es\/wp-json\/wp\/v2\/types\/page"}],"author":[{"embeddable":true,"href":"https:\/\/ashtonschool.edu.do\/es\/wp-json\/wp\/v2\/users\/1"}],"replies":[{"embeddable":true,"href":"https:\/\/ashtonschool.edu.do\/es\/wp-json\/wp\/v2\/comments?post=35557"}],"version-history":[{"count":23,"href":"https:\/\/ashtonschool.edu.do\/es\/wp-json\/wp\/v2\/pages\/35557\/revisions"}],"predecessor-version":[{"id":41803,"href":"https:\/\/ashtonschool.edu.do\/es\/wp-json\/wp\/v2\/pages\/35557\/revisions\/41803"}],"wp:featuredmedia":[{"embeddable":true,"href":"https:\/\/ashtonschool.edu.do\/es\/wp-json\/wp\/v2\/media\/23694"}],"wp:attachment":[{"href":"https:\/\/ashtonschool.edu.do\/es\/wp-json\/wp\/v2\/media?parent=35557"}],"curies":[{"name":"wp","href":"https:\/\/api.w.org\/{rel}","templated":true}]}}