{"id":35554,"date":"2022-03-22T20:16:52","date_gmt":"2022-03-23T00:16:52","guid":{"rendered":"https:\/\/ashtonschool.edu.do\/?page_id=35554"},"modified":"2026-04-22T13:25:03","modified_gmt":"2026-04-22T17:25:03","slug":"servewithus","status":"publish","type":"page","link":"https:\/\/ashtonschool.edu.do\/es\/servewithus\/","title":{"rendered":"Sirve con nosotros: Oportunidades de trabajo"},"content":{"rendered":"<div class=\"wpb-content-wrapper\"><section class=\"l-section wpb_row height_small\"><div class=\"l-section-h i-cf\"><div class=\"g-cols vc_row via_flex valign_top type_default\"><div class=\"vc_col-sm-6 wpb_column vc_column_container\"><div class=\"vc_column-inner\"><div class=\"wpb_wrapper\"><div class=\"wpb_text_column\"><div class=\"wpb_wrapper\"><p>Ashton School se centra en inspirar mentes y transformar corazones, proporcionando programas acad\u00e9micos desafiantes moldeados por est\u00e1ndares internacionales y nacionales, principios b\u00edblicos, experiencias f\u00edsicas y culturales, para que los estudiantes integren el conocimiento y las habilidades acad\u00e9micas con sabidur\u00eda, respeto y amor por Dios y por los dem\u00e1s. No requerimos que nuestros estudiantes est\u00e9n afiliados a ninguna denominaci\u00f3n cristiana espec\u00edfica, por lo tanto, es probable que el maestro de Ashton sea el principal modelo a seguir de lo que significa ser un seguidor de Cristo y transmitir una cosmovisi\u00f3n b\u00edblica para sus estudiantes. Nuestro personal reconoce, valora y ejemplifica con amor el hecho de que todos somos educadores, ya sea sirviendo en las aulas o saludando a los visitantes en la puerta principal.<\/p>\n<p>Para los docentes que se mudan de su lugar de residencia permanente en el extranjero con el \u00fanico y exclusivo prop\u00f3sito de venir a trabajar a Ashton School, se brinda un paquete de compensaci\u00f3n adecuado a los gastos de manutenci\u00f3n y el potencial de ahorro en la Rep\u00fablica Dominicana junto con alojamiento compartido, pasaje a\u00e9reo de ida y vuelta, seguro m\u00e9dico y reembolso de gastos de visa de trabajo. Los detalles sobre estos beneficios se discutir\u00e1n durante el proceso de la entrevista.<\/p>\n<\/div><\/div><div class=\"vc_empty_space\"   style=\"height: 32px\"><span class=\"vc_empty_space_inner\"><\/span><\/div><div class=\"wpb_text_column\"><div class=\"wpb_wrapper\"><p>Con\u00e9ctese con nosotros en <a class=\"bluelink\" style=\"color: #0c04a8;\" href=\"mailto:ashton@tas.edu.do\" target=\"_blank\" rel=\"noopener\">ashton@tas.edu.do<\/a> para presentarse o completar la solicitud a continuaci\u00f3n. Esperamos conocer maestros apasionados por inspirar las mentes y transformar los corazones de los estudiantes a quienes tienen la bendici\u00f3n de servir.<\/p>\n<\/div><\/div><div class=\"vc_empty_space\"   style=\"height: 32px\"><span class=\"vc_empty_space_inner\"><\/span><\/div><div class=\"w-btn-wrapper width_full\"><a class=\"w-btn us-btn-style_3 icon_atleft\" target=\"_blank\" href=\"https:\/\/docs.google.com\/forms\/d\/e\/1FAIpQLSeHgKfmjSgxkzmveqYS0XR1xj77PJQM89bOPsj7Kou_Xzkt3w\/viewform?usp=sf_link\" rel=\"noopener\"><i class=\"fas fa-pen\"><\/i><span class=\"w-btn-label\">FORMULARIO DE SOLICITUD EN L\u00cdNEA<\/span><\/a><\/div><\/div><\/div><\/div><div class=\"vc_col-sm-6 wpb_column vc_column_container\"><div class=\"vc_column-inner\"><div class=\"wpb_wrapper\"><div class=\"w-video align_none ratio_4x3\" onclick=\"return {&quot;player_html&quot;:&quot;&lt;iframe title=\\&quot;Teaching abroad\\&quot; width=\\&quot;640\\&quot; height=\\&quot;360\\&quot; src=\\&quot;https:\\\/\\\/www.youtube.com\\\/embed\\\/r71iV1oI-fs?feature=oembed\\&quot; frameborder=\\&quot;0\\&quot; allow=\\&quot;accelerometer; autoplay; clipboard-write; encrypted-media; gyroscope; picture-in-picture\\&quot; allowfullscreen&gt;&lt;\\\/iframe&gt;&quot;}\"><div class=\"w-video-h\"><iframe title=\"reproductor de videos de youtube\" data-src=\"\/\/www.youtube.com\/embed\/r71iV1oI-fs?origin=https:\/\/ashtonschool.edu.do&controls=1\" allowfullscreen=\"1\" src=\"data:image\/svg+xml;base64,PHN2ZyB3aWR0aD0iMSIgaGVpZ2h0PSIxIiB4bWxucz0iaHR0cDovL3d3dy53My5vcmcvMjAwMC9zdmciPjwvc3ZnPg==\" class=\"lazyload\" data-load-mode=\"1\"><\/iframe><\/div><div class=\"w-video-icon\" style=\"font-size:1.5rem;background:rgba(0,0,0,0.5);color:#fff\"><\/div><\/div><div class=\"vc_empty_space\"   style=\"height: 32px\"><span class=\"vc_empty_space_inner\"><\/span><\/div><div class=\"w-video align_none ratio_4x3\" onclick=\"return {&quot;player_html&quot;:&quot;&lt;iframe title=\\&quot;Me Gusta Rep\\u00fablica Dominicana | Ministerio de Turismo\\&quot; width=\\&quot;640\\&quot; height=\\&quot;360\\&quot; src=\\&quot;https:\\\/\\\/www.youtube.com\\\/embed\\\/UmapRnqZ528?feature=oembed\\&quot; frameborder=\\&quot;0\\&quot; allow=\\&quot;accelerometer; autoplay; clipboard-write; encrypted-media; gyroscope; picture-in-picture\\&quot; allowfullscreen&gt;&lt;\\\/iframe&gt;&quot;}\"><div class=\"w-video-h\"><iframe title=\"reproductor de videos de youtube\" data-src=\"\/\/www.youtube.com\/embed\/UmapRnqZ528?origin=https:\/\/ashtonschool.edu.do&controls=1\" allowfullscreen=\"1\" src=\"data:image\/svg+xml;base64,PHN2ZyB3aWR0aD0iMSIgaGVpZ2h0PSIxIiB4bWxucz0iaHR0cDovL3d3dy53My5vcmcvMjAwMC9zdmciPjwvc3ZnPg==\" class=\"lazyload\" data-load-mode=\"1\"><\/iframe><\/div><div class=\"w-video-icon\" style=\"font-size:1.5rem;background:rgba(0,0,0,0.5);color:#fff\"><\/div><\/div><\/div><\/div><\/div><\/div><\/div><\/section><section class=\"l-section wpb_row height_small\"><div class=\"l-section-h i-cf\"><div class=\"g-cols vc_row via_flex valign_top type_default\"><div class=\"vc_col-sm-6 wpb_column vc_column_container\"><div class=\"vc_column-inner\"><div class=\"wpb_wrapper\"><div class=\"g-cols wpb_row via_flex valign_top type_default\"><div class=\"vc_col-sm-12 wpb_column vc_column_container\"><div class=\"vc_column-inner\"><div class=\"wpb_wrapper\"><div class=\"wpb_text_column\"><div class=\"wpb_wrapper\"><h5><strong>Vacancies for 2026-2027 school year<\/strong><\/h5>\n<ul>\n<li>Full-time Auxiliary\/Substitute Teacher<\/li>\n<li>Lower Elementary Teacher<\/li>\n<\/ul>\n<h5><strong>Requisitos:<\/strong><\/h5>\n<ul>\n<li>Fuerte compromiso con la visi\u00f3n y misi\u00f3n de la escuela y la defensa e integraci\u00f3n de los principios b\u00edblicos.<\/li>\n<li>Seguidores de Cristo que reconocen a Jes\u00fas como Se\u00f1or y Salvador, y la Biblia como la Palabra infalible de Dios.<\/li>\n<li>Habilidades de ingl\u00e9s fluidas o similares a las de un nativo<\/li>\n<li>Bachelor of Arts or Bachelor of Science degree in Education from a U.S. accredited or U.S. recognized institution, plus teaching experience and Teaching Certification license or one to be issued by August of 2024 (for teachers moving from abroad specifically to work at Ashton School).<\/li>\n<li>M\u00ednimo 24 cr\u00e9ditos en la materia y m\u00ednimo 12 cr\u00e9ditos en Educaci\u00f3n para puestos de secundaria.<\/li>\n<\/ul>\n<\/div><\/div><\/div><\/div><\/div><\/div><\/div><\/div><\/div><div class=\"vc_col-sm-6 wpb_column vc_column_container\"><div class=\"vc_column-inner\"><div class=\"wpb_wrapper\"><div class=\"wpb_text_column\"><div class=\"wpb_wrapper\"><h5><strong style=\"font-family: inherit;\">Requisites f<\/strong><strong style=\"font-family: inherit;\">or College &amp; Career Counseling Position:<\/strong><\/h5>\n<ul style=\"font-weight: 400;\">\n<li>Bachelor\u2019s degree in education, counseling, psychology, or a related field.<\/li>\n<\/ul>\n<ul style=\"font-weight: 400;\">\n<li>Preferred:\u00a0 Master\u2019s degree in:\n<ul>\n<li>School Counseling<\/li>\n<li>College Counseling \/ Higher Education<\/li>\n<\/ul>\n<\/li>\n<li style=\"font-weight: 400;\">Experienced in:\n<ul>\n<li style=\"font-weight: 400;\">College admissions advising<\/li>\n<li style=\"font-weight: 400;\">Career development or workforce readiness<\/li>\n<\/ul>\n<\/li>\n<li>Academic planning, including AP courses, dual enrollment, and graduation requirements<\/li>\n<li>Working with adolescents<\/li>\n<li>Navigating financial aid systems (FAFSA, scholarships, loans)<\/li>\n<li>Working with families (parent meetings, workshops, etc.)<\/li>\n<li>Analyzing and presenting data (college acceptance rates, student outcomes, etc.)<\/li>\n<li>Following up with graduates<\/li>\n<\/ul>\n<\/div><\/div><div class=\"vc_empty_space\"   style=\"height: 32px\"><span class=\"vc_empty_space_inner\"><\/span><\/div><div class=\"w-btn-wrapper width_full\"><a class=\"w-btn us-btn-style_3 icon_atleft\" target=\"_blank\" href=\"https:\/\/docs.google.com\/forms\/d\/e\/1FAIpQLSeHgKfmjSgxkzmveqYS0XR1xj77PJQM89bOPsj7Kou_Xzkt3w\/viewform?usp=sf_link\" rel=\"noopener\"><i class=\"fas fa-pen\"><\/i><span class=\"w-btn-label\">FORMULARIO DE SOLICITUD EN L\u00cdNEA<\/span><\/a><\/div><\/div><\/div><\/div><\/div><\/div><\/section>\n<\/div>","protected":false},"excerpt":{"rendered":"Ashton School se centra en inspirar mentes y transformar corazones, proporcionando programas acad\u00e9micos desafiantes moldeados por est\u00e1ndares internacionales y nacionales, principios b\u00edblicos, experiencias f\u00edsicas y culturales, para que los estudiantes integren el conocimiento y las habilidades acad\u00e9micas con sabidur\u00eda, respeto y amor por Dios y por los dem\u00e1s. No requerimos que nuestros estudiantes est\u00e9n afiliados a ning\u00fan...","protected":false},"author":1,"featured_media":0,"parent":0,"menu_order":0,"comment_status":"closed","ping_status":"closed","template":"","meta":{"_acf_changed":false,"inline_featured_image":false,"footnotes":"","_links_to":"","_links_to_target":""},"class_list":["post-35554","page","type-page","status-publish","hentry"],"acf":[],"_links":{"self":[{"href":"https:\/\/ashtonschool.edu.do\/es\/wp-json\/wp\/v2\/pages\/35554","targetHints":{"allow":["GET"]}}],"collection":[{"href":"https:\/\/ashtonschool.edu.do\/es\/wp-json\/wp\/v2\/pages"}],"about":[{"href":"https:\/\/ashtonschool.edu.do\/es\/wp-json\/wp\/v2\/types\/page"}],"author":[{"embeddable":true,"href":"https:\/\/ashtonschool.edu.do\/es\/wp-json\/wp\/v2\/users\/1"}],"replies":[{"embeddable":true,"href":"https:\/\/ashtonschool.edu.do\/es\/wp-json\/wp\/v2\/comments?post=35554"}],"version-history":[{"count":33,"href":"https:\/\/ashtonschool.edu.do\/es\/wp-json\/wp\/v2\/pages\/35554\/revisions"}],"predecessor-version":[{"id":42718,"href":"https:\/\/ashtonschool.edu.do\/es\/wp-json\/wp\/v2\/pages\/35554\/revisions\/42718"}],"wp:attachment":[{"href":"https:\/\/ashtonschool.edu.do\/es\/wp-json\/wp\/v2\/media?parent=35554"}],"curies":[{"name":"wp","href":"https:\/\/api.w.org\/{rel}","templated":true}]}}