{"id":26074,"date":"2020-03-31T03:03:35","date_gmt":"2020-03-31T07:03:35","guid":{"rendered":"https:\/\/new.ashtonschool.edu.do\/?page_id=26074"},"modified":"2024-10-03T20:14:26","modified_gmt":"2024-10-04T00:14:26","slug":"cafeteria","status":"publish","type":"page","link":"https:\/\/ashtonschool.edu.do\/es\/cafeteria\/","title":{"rendered":"Cafeter\u00eda"},"content":{"rendered":"<div class=\"wpb-content-wrapper\"><section class=\"l-section wpb_row us_custom_2994f020 height_small width_full\"><div class=\"l-section-h i-cf\"><div class=\"g-cols vc_row via_flex valign_top type_default\"><div class=\"vc_col-sm-6 wpb_column vc_column_container\"><div class=\"vc_column-inner\"><div class=\"wpb_wrapper\"><div class=\"wpb_text_column fancy\"><div class=\"wpb_wrapper\"><h5 style=\"text-align: center;\">Informaci\u00f3n de la cafeter\u00eda<\/h5>\n<\/div><\/div><div class=\"w-separator size_custom\" style=\"height:30px\"><\/div><div class=\"wpb_text_column\"><div class=\"wpb_wrapper\"><p style=\"text-align: center;\"><strong>Horas de operaci\u00f3n:<\/strong><br \/>\n7:40 a. m. a 5:00 p. m.<\/p>\n<p style=\"text-align: center;\"><strong>M\u00e9todos de pago<\/strong>:<br \/>\nEfectivo, Tarjeta de Cr\u00e9dito y PAGO UEPA<\/p>\n<\/div><\/div><div class=\"w-separator size_custom\" style=\"height:20px\"><\/div><div class=\"w-btn-wrapper align_center\"><a class=\"w-btn us-btn-style_3\" href=\"https:\/\/tas.us7.list-manage.com\/track\/click?u=9e38e0f461f5bad82c40e713a&amp;id=bfb51adeeb&amp;e=db8d13917d\"><span class=\"w-btn-label\">VER MEN\u00da<\/span><\/a><\/div><div class=\"w-separator size_custom\" style=\"height:20px\"><\/div><div class=\"wpb_text_column\"><div class=\"wpb_wrapper\"><p style=\"text-align: center;\">Para m\u00e1s informaci\u00f3n, cont\u00e1ctenos en<br \/>\n<strong><br \/><a style=\"color:#000;\" href=\"https:\/\/wa.me\/18094416892?text=Hola,%20soy%20del%20Ashton%20School%20y%20quisiera...\" target=\"_blank\" rel=\"noopener\">Whatsapp: (809) 441-6892 <\/a><\/strong><\/p>\n<\/div><\/div><div class=\"w-separator size_custom\" style=\"height:30px\"><\/div><div class=\"wpb_text_column fancy\"><div class=\"wpb_wrapper\"><h5 style=\"text-align: center;\">Oraci\u00f3n de acci\u00f3n de gracias antes de comer<\/h5>\n<\/div><\/div><div class=\"w-separator size_custom\" style=\"height:30px\"><\/div><div class=\"wpb_text_column\"><div class=\"wpb_wrapper\"><blockquote>\n<p>El Se\u00f1or es bueno conmigo<br \/>\nEl Se\u00f1or es bueno conmigo<br \/>\nY entonces le doy gracias al Se\u00f1or<br \/>\nPor darme las cosas que necesito<br \/>\nEl sol y la lluvia y el mango<br \/>\nEl Se\u00f1or es bueno conmigo.<br \/>\nAm\u00e9n.<\/p>\n<\/blockquote>\n<\/div><\/div><div class=\"w-separator size_custom\" style=\"height:30px\"><\/div><\/div><\/div><\/div><div class=\"vc_col-sm-6 wpb_column vc_column_container\"><div class=\"vc_column-inner\"><div class=\"wpb_wrapper\"><div class=\"wpb_text_column fancy\"><div class=\"wpb_wrapper\"><h5 style=\"text-align: center;\">REGLAS de la hora del almuerzo<\/h5>\n<\/div><\/div><div class=\"w-separator size_custom\" style=\"height:30px\"><\/div><div class=\"wpb_text_column\"><div class=\"wpb_wrapper\"><ul>\n<li>La cafeter\u00eda es un ambiente seguro y cort\u00e9s, un lugar donde los estudiantes interact\u00faan apropiadamente y se tratan con respeto.<\/li>\n<li>Los estudiantes en los grados PK -2 usar\u00e1n voces &quot;interiores&quot; al hablar.<\/li>\n<li>Los estudiantes de PK y Kinder tendr\u00e1n su tiempo de recreo en el \u00e1rea detr\u00e1s del edificio sur y jugar\u00e1n en el patio de recreo de grados inferiores.<\/li>\n<li>Los estudiantes comer\u00e1n con buenos modales y limpiar\u00e1n lo que ensucie.<\/li>\n<li>Todos tratar\u00e1n a los dem\u00e1s con dignidad y respeto.<\/li>\n<li>Se dir\u00e1 la gracia con solemnidad y respeto. Nadie comienza a comer hasta despu\u00e9s de que se dice la gracia.<\/li>\n<\/ul>\n<\/div><\/div><div class=\"w-separator size_custom\" style=\"height:30px\"><\/div><\/div><\/div><\/div><\/div><\/div><\/section>\n<\/div>","protected":false},"excerpt":{"rendered":"Cafeteria Information Hours of operation: 7:40am &#8211; 5:00pm Payment methods: Cash, Credit Card and UEPA PAY VIEW MENUFor more informtion, contact us at Whatsapp: (809) 441-6892 Prayer of Thanksgiving Before Meal The Lord is good to me The Lord is good to me And so I thank the Lord For giving me the things I...","protected":false},"author":1,"featured_media":0,"parent":0,"menu_order":0,"comment_status":"closed","ping_status":"closed","template":"","meta":{"_acf_changed":false,"inline_featured_image":false,"footnotes":"","_links_to":"","_links_to_target":""},"class_list":["post-26074","page","type-page","status-publish","hentry"],"acf":[],"_links":{"self":[{"href":"https:\/\/ashtonschool.edu.do\/es\/wp-json\/wp\/v2\/pages\/26074","targetHints":{"allow":["GET"]}}],"collection":[{"href":"https:\/\/ashtonschool.edu.do\/es\/wp-json\/wp\/v2\/pages"}],"about":[{"href":"https:\/\/ashtonschool.edu.do\/es\/wp-json\/wp\/v2\/types\/page"}],"author":[{"embeddable":true,"href":"https:\/\/ashtonschool.edu.do\/es\/wp-json\/wp\/v2\/users\/1"}],"replies":[{"embeddable":true,"href":"https:\/\/ashtonschool.edu.do\/es\/wp-json\/wp\/v2\/comments?post=26074"}],"version-history":[{"count":10,"href":"https:\/\/ashtonschool.edu.do\/es\/wp-json\/wp\/v2\/pages\/26074\/revisions"}],"predecessor-version":[{"id":41572,"href":"https:\/\/ashtonschool.edu.do\/es\/wp-json\/wp\/v2\/pages\/26074\/revisions\/41572"}],"wp:attachment":[{"href":"https:\/\/ashtonschool.edu.do\/es\/wp-json\/wp\/v2\/media?parent=26074"}],"curies":[{"name":"wp","href":"https:\/\/api.w.org\/{rel}","templated":true}]}}