{"id":26068,"date":"2020-03-31T02:56:28","date_gmt":"2020-03-31T06:56:28","guid":{"rendered":"https:\/\/new.ashtonschool.edu.do\/?page_id=26068"},"modified":"2025-03-18T20:46:08","modified_gmt":"2025-03-19T00:46:08","slug":"alumni","status":"publish","type":"page","link":"https:\/\/ashtonschool.edu.do\/es\/alumni\/","title":{"rendered":"Egresados"},"content":{"rendered":"<div class=\"wpb-content-wrapper\"><section class=\"l-section wpb_row us_custom_2994f020 height_small width_full\"><div class=\"l-section-h i-cf\"><div class=\"g-cols vc_row via_flex valign_top type_default\"><div class=\"vc_col-sm-8 wpb_column vc_column_container\"><div class=\"vc_column-inner\"><div class=\"wpb_wrapper\"><div class=\"wpb_text_column fancy\"><div class=\"wpb_wrapper\"><h5 style=\"text-align: center;\">Visi\u00f3n general<\/h5>\n<\/div><\/div><div class=\"w-separator size_custom\" style=\"height:30px\"><\/div><div class=\"wpb_text_column\"><div class=\"wpb_wrapper\"><p>En los \u00faltimos 9 a\u00f1os, los graduados de Ashton School fueron seleccionados para asistir a las siguientes universidades:<\/p>\n<\/div><\/div><div class=\"w-separator size_custom\" style=\"height:30px\"><\/div><div class=\"g-cols wpb_row via_flex valign_top type_default\"><div class=\"vc_col-sm-6 wpb_column vc_column_container\"><div class=\"vc_column-inner\"><div class=\"wpb_wrapper\"><div class=\"wpb_text_column\"><div class=\"wpb_wrapper\"><p>Adelphi University<br \/>\nUniversidad Americana<br \/>\nAssumption College<br \/>\nUniversidad de Bentley<br \/>\nBerkeley College<br \/>\nBob Jones University<br \/>\nBoston College<br \/>\nBoston University<br \/>\nBrown University<br \/>\nBryant University City<br \/>\nUniversity of London<br \/>\nColumbia University<br \/>\nConcordia (Canada) CUNY<br \/>\nBarough Denison University<br \/>\nUniversidad DePaul<br \/>\nDrake University<br \/>\nDuquesne University<br \/>\nEckerd College<br \/>\nEcole H\u00f4teli\u00e8re de Lausanne<br \/>\nEurope Business School<br \/>\nESSEC Business School<br \/>\nParisEU Business School<br \/>\nGenevaEU Business School (Germany)<br \/>\nFairfield University<br \/>\nFarmingdale College<br \/>\nFlorence School of Design<br \/>\nFlorida International University<br \/>\nFlorida Tech University<br \/>\nFordham University<br \/>\nGeorge Washington University<br \/>\nGreen Mountain College<br \/>\nUniversidad Lynn<br \/>\nManhattanville College<br \/>\nMarangoni Institute<br \/>\nMarymount College<br \/>\nManhattan College<br \/>\nMiami Dade Culinary Institute<br \/>\nMichigan State University<br \/>\nNew York University<br \/>\nNew York University of Technology<br \/>\nUniversidad del Noroeste<br \/>\nNova Southeatern University<br \/>\nPACE University<\/p>\n<\/div><\/div><\/div><\/div><\/div><div class=\"vc_col-sm-6 wpb_column vc_column_container\"><div class=\"vc_column-inner\"><div class=\"wpb_wrapper\"><div class=\"wpb_text_column\"><div class=\"wpb_wrapper\"><p>Hult University<br \/>\nUniversity Illinois Institute of Art<br \/>\nIE University Madrid<br \/>\nIE University Segovia<br \/>\nINTEC<br \/>\nIthaca College<br \/>\nJohn Cabot University<br \/>\nRomeJohnson and Wales<br \/>\nLa Salle (Canada)<br \/>\nLes Roches Switzerland<br \/>\nLIM<br \/>\nLoyola University Chicago<br \/>\nParsons School of Design<br \/>\nUniversidad Penn State<br \/>\nPontificia Universidad Cat\u00f3lica Madre y<br \/>\nMaestra<br \/>\nQuinnipiac University<br \/>\nRoger Williams University<br \/>\nRollins College<br \/>\nSCAD New School<br \/>\nSeton Hall University<br \/>\nUniversidad de Suffolk<br \/>\nSyracuse University<br \/>\nTampa University<br \/>\nTecnol\u00f3gico de Monterrey<br \/>\nThe New School<br \/>\nTufts University<br \/>\nUniversity of British<br \/>\nColumbiaUniversity of Chicago<br \/>\nUniversidad Europea del Atl\u00e1ntico (Spain)<br \/>\nUniversidad Europea de Madrid (UE)<br \/>\nUniversity of Miami<br \/>\nUniversity of Missouri<br \/>\nUniversity of North Florida<br \/>\nUniversity of Notre Dame<br \/>\nUniversity of Pennsylvania<br \/>\nUniversidad de Puerto Rico<br \/>\nUniversity of Westminster<br \/>\nUNIBE<br \/>\nWesleyan University<br \/>\nXavier University<br \/>\nYale University<\/p>\n<\/div><\/div><\/div><\/div><\/div><\/div><\/div><\/div><\/div><div class=\"vc_col-sm-4 wpb_column vc_column_container\"><div class=\"vc_column-inner\"><div class=\"wpb_wrapper\"><div class=\"wpb_text_column fancy\"><div class=\"wpb_wrapper\"><h5 style=\"text-align: center;\">Registro de antiguos alumnos<\/h5>\n<\/div><\/div><div class=\"w-separator size_custom\" style=\"height:30px\"><\/div><div class=\"wpb_text_column\"><div class=\"wpb_wrapper\"><p>\u00a1Nos encantar\u00eda saber lo que has estado haciendo! Reg\u00edstrese y forme parte de nuestra Asociaci\u00f3n de Antiguos Alumnos.<\/p>\n<\/div><\/div><div class=\"w-separator size_custom\" style=\"height:30px\"><\/div><div class=\"w-btn-wrapper align_center\"><a class=\"w-btn us-btn-style_3 icon_atleft\" target=\"_blank\" href=\"https:\/\/forms.gle\/gqnGFDcWiDqxom2G6\" rel=\"noopener\"><i class=\"fas fa-pen\"><\/i><span class=\"w-btn-label\">Registro de antiguos alumnos<\/span><\/a><\/div><\/div><\/div><\/div><\/div><\/div><\/section>\n<\/div>","protected":false},"excerpt":{"rendered":"Overview In the past 9 years, Ashton School graduates were selected to attend the following Universities: Adelphi University American University Assumption College Bentley University Berkeley College Bob Jones University Boston College Boston University Brown University Bryant University City University of London Columbia University Concordia (Canada) CUNY Barough Denison University DePaul University Drake University Duquesne University...","protected":false},"author":1,"featured_media":41794,"parent":0,"menu_order":0,"comment_status":"closed","ping_status":"closed","template":"","meta":{"_acf_changed":false,"inline_featured_image":false,"footnotes":"","_links_to":"","_links_to_target":""},"class_list":["post-26068","page","type-page","status-publish","has-post-thumbnail","hentry"],"acf":[],"_links":{"self":[{"href":"https:\/\/ashtonschool.edu.do\/es\/wp-json\/wp\/v2\/pages\/26068","targetHints":{"allow":["GET"]}}],"collection":[{"href":"https:\/\/ashtonschool.edu.do\/es\/wp-json\/wp\/v2\/pages"}],"about":[{"href":"https:\/\/ashtonschool.edu.do\/es\/wp-json\/wp\/v2\/types\/page"}],"author":[{"embeddable":true,"href":"https:\/\/ashtonschool.edu.do\/es\/wp-json\/wp\/v2\/users\/1"}],"replies":[{"embeddable":true,"href":"https:\/\/ashtonschool.edu.do\/es\/wp-json\/wp\/v2\/comments?post=26068"}],"version-history":[{"count":9,"href":"https:\/\/ashtonschool.edu.do\/es\/wp-json\/wp\/v2\/pages\/26068\/revisions"}],"predecessor-version":[{"id":41815,"href":"https:\/\/ashtonschool.edu.do\/es\/wp-json\/wp\/v2\/pages\/26068\/revisions\/41815"}],"wp:featuredmedia":[{"embeddable":true,"href":"https:\/\/ashtonschool.edu.do\/es\/wp-json\/wp\/v2\/media\/41794"}],"wp:attachment":[{"href":"https:\/\/ashtonschool.edu.do\/es\/wp-json\/wp\/v2\/media?parent=26068"}],"curies":[{"name":"wp","href":"https:\/\/api.w.org\/{rel}","templated":true}]}}