{"id":26055,"date":"2020-03-31T02:42:38","date_gmt":"2020-03-31T06:42:38","guid":{"rendered":"https:\/\/new.ashtonschool.edu.do\/?page_id=26055"},"modified":"2025-11-05T11:06:49","modified_gmt":"2025-11-05T15:06:49","slug":"arts","status":"publish","type":"page","link":"https:\/\/ashtonschool.edu.do\/es\/arts\/","title":{"rendered":"Artes"},"content":{"rendered":"<div class=\"wpb-content-wrapper\"><section class=\"l-section wpb_row us_custom_d2199d32 height_small width_full\"><div class=\"l-section-h i-cf\"><div class=\"g-cols vc_row via_flex valign_top type_default\"><div class=\"vc_col-sm-12 wpb_column vc_column_container\"><div class=\"vc_column-inner\"><div class=\"wpb_wrapper\"><div class=\"wpb_text_column\"><div class=\"wpb_wrapper\"><p>Nos esforzamos por ofrecer un programa de bellas artes de calidad que permita a los estudiantes de todos los grados estar expuestos a las artes visuales, esc\u00e9nicas y musicales en diferentes etapas durante su carrera acad\u00e9mica. Todos los estudiantes est\u00e1n inscritos en artes visuales desde PK hasta el grado 12. Cada estudiante tiene la oportunidad de participar en la producci\u00f3n anual de Navidad y los estudiantes de secundaria tambi\u00e9n tienen la oportunidad de ser parte del club de teatro. 100% de alumnos de primaria participan en este evento. Cada nivel de grado realiza dramatizaciones \/ sketches como parte de su programa de instrucci\u00f3n. Las clases de arte y m\u00fasica se integran intencionalmente en todas las \u00e1reas de contenido.<\/p>\n<\/div><\/div><div class=\"w-separator size_custom\" style=\"height:40px\"><\/div><div class=\"wpb_text_column\"><div class=\"wpb_wrapper\"><div class=\"w-gallery cols_4 link_file with_indents\"><div class=\"w-gallery-list\"><a class=\"w-gallery-item order_1\" href=\"https:\/\/ashtonschool.edu.do\/wp-content\/uploads\/ashton-school-sd-art-Cover.png\" title=\"ashton-school-sd-art-Cover\"><div class=\"w-gallery-item-img\"><img decoding=\"async\" width=\"600\" height=\"600\" data-src=\"https:\/\/ashtonschool.edu.do\/wp-content\/uploads\/ashton-school-sd-art-Cover-600x600.png\" class=\"attachment-us_600_600_crop size-us_600_600_crop lazyload\" alt=\"\" data-srcset=\"https:\/\/ashtonschool.edu.do\/wp-content\/uploads\/ashton-school-sd-art-Cover-600x600.png 600w, https:\/\/ashtonschool.edu.do\/wp-content\/uploads\/ashton-school-sd-art-Cover-150x150.png 150w\" data-sizes=\"(max-width: 600px) 100vw, 600px\" src=\"data:image\/svg+xml;base64,PHN2ZyB3aWR0aD0iMSIgaGVpZ2h0PSIxIiB4bWxucz0iaHR0cDovL3d3dy53My5vcmcvMjAwMC9zdmciPjwvc3ZnPg==\" style=\"--smush-placeholder-width: 600px; --smush-placeholder-aspect-ratio: 600\/600;\" \/><\/div><\/a><a class=\"w-gallery-item order_2\" href=\"https:\/\/ashtonschool.edu.do\/wp-content\/uploads\/ashton-school-sd-art-11.png\" title=\"ashton-school-sd-art-11\"><div class=\"w-gallery-item-img\"><img decoding=\"async\" width=\"600\" height=\"600\" data-src=\"https:\/\/ashtonschool.edu.do\/wp-content\/uploads\/ashton-school-sd-art-11-600x600.png\" class=\"attachment-us_600_600_crop size-us_600_600_crop lazyload\" alt=\"\" data-srcset=\"https:\/\/ashtonschool.edu.do\/wp-content\/uploads\/ashton-school-sd-art-11-600x600.png 600w, https:\/\/ashtonschool.edu.do\/wp-content\/uploads\/ashton-school-sd-art-11-150x150.png 150w\" data-sizes=\"(max-width: 600px) 100vw, 600px\" src=\"data:image\/svg+xml;base64,PHN2ZyB3aWR0aD0iMSIgaGVpZ2h0PSIxIiB4bWxucz0iaHR0cDovL3d3dy53My5vcmcvMjAwMC9zdmciPjwvc3ZnPg==\" style=\"--smush-placeholder-width: 600px; --smush-placeholder-aspect-ratio: 600\/600;\" \/><\/div><\/a><a class=\"w-gallery-item order_3\" href=\"https:\/\/ashtonschool.edu.do\/wp-content\/uploads\/ashton-school-sd-art-10.png\" title=\"ashton-school-sd-art-10\"><div class=\"w-gallery-item-img\"><img decoding=\"async\" width=\"600\" height=\"600\" data-src=\"https:\/\/ashtonschool.edu.do\/wp-content\/uploads\/ashton-school-sd-art-10-600x600.png\" class=\"attachment-us_600_600_crop size-us_600_600_crop lazyload\" alt=\"\" data-srcset=\"https:\/\/ashtonschool.edu.do\/wp-content\/uploads\/ashton-school-sd-art-10-600x600.png 600w, https:\/\/ashtonschool.edu.do\/wp-content\/uploads\/ashton-school-sd-art-10-150x150.png 150w\" data-sizes=\"(max-width: 600px) 100vw, 600px\" src=\"data:image\/svg+xml;base64,PHN2ZyB3aWR0aD0iMSIgaGVpZ2h0PSIxIiB4bWxucz0iaHR0cDovL3d3dy53My5vcmcvMjAwMC9zdmciPjwvc3ZnPg==\" style=\"--smush-placeholder-width: 600px; --smush-placeholder-aspect-ratio: 600\/600;\" \/><\/div><\/a><a class=\"w-gallery-item order_4\" href=\"https:\/\/ashtonschool.edu.do\/wp-content\/uploads\/ashton-school-sd-art-9.png\" title=\"ashton-school-sd-art-9\"><div class=\"w-gallery-item-img\"><img decoding=\"async\" width=\"600\" height=\"600\" data-src=\"https:\/\/ashtonschool.edu.do\/wp-content\/uploads\/ashton-school-sd-art-9-600x600.png\" class=\"attachment-us_600_600_crop size-us_600_600_crop lazyload\" alt=\"\" data-srcset=\"https:\/\/ashtonschool.edu.do\/wp-content\/uploads\/ashton-school-sd-art-9-600x600.png 600w, https:\/\/ashtonschool.edu.do\/wp-content\/uploads\/ashton-school-sd-art-9-150x150.png 150w\" data-sizes=\"(max-width: 600px) 100vw, 600px\" src=\"data:image\/svg+xml;base64,PHN2ZyB3aWR0aD0iMSIgaGVpZ2h0PSIxIiB4bWxucz0iaHR0cDovL3d3dy53My5vcmcvMjAwMC9zdmciPjwvc3ZnPg==\" style=\"--smush-placeholder-width: 600px; --smush-placeholder-aspect-ratio: 600\/600;\" \/><\/div><\/a><a class=\"w-gallery-item order_5\" href=\"https:\/\/ashtonschool.edu.do\/wp-content\/uploads\/ashton-school-sd-art-8.png\" title=\"ashton-school-sd-art-8\"><div class=\"w-gallery-item-img\"><img decoding=\"async\" width=\"600\" height=\"600\" data-src=\"https:\/\/ashtonschool.edu.do\/wp-content\/uploads\/ashton-school-sd-art-8-600x600.png\" class=\"attachment-us_600_600_crop size-us_600_600_crop lazyload\" alt=\"\" data-srcset=\"https:\/\/ashtonschool.edu.do\/wp-content\/uploads\/ashton-school-sd-art-8-600x600.png 600w, https:\/\/ashtonschool.edu.do\/wp-content\/uploads\/ashton-school-sd-art-8-150x150.png 150w\" data-sizes=\"(max-width: 600px) 100vw, 600px\" src=\"data:image\/svg+xml;base64,PHN2ZyB3aWR0aD0iMSIgaGVpZ2h0PSIxIiB4bWxucz0iaHR0cDovL3d3dy53My5vcmcvMjAwMC9zdmciPjwvc3ZnPg==\" style=\"--smush-placeholder-width: 600px; --smush-placeholder-aspect-ratio: 600\/600;\" \/><\/div><\/a><a class=\"w-gallery-item order_6\" href=\"https:\/\/ashtonschool.edu.do\/wp-content\/uploads\/ashton-school-sd-art-7.png\" title=\"ashton-school-sd-art-7\"><div class=\"w-gallery-item-img\"><img decoding=\"async\" width=\"600\" height=\"600\" data-src=\"https:\/\/ashtonschool.edu.do\/wp-content\/uploads\/ashton-school-sd-art-7-600x600.png\" class=\"attachment-us_600_600_crop size-us_600_600_crop lazyload\" alt=\"\" data-srcset=\"https:\/\/ashtonschool.edu.do\/wp-content\/uploads\/ashton-school-sd-art-7-600x600.png 600w, https:\/\/ashtonschool.edu.do\/wp-content\/uploads\/ashton-school-sd-art-7-150x150.png 150w\" data-sizes=\"(max-width: 600px) 100vw, 600px\" src=\"data:image\/svg+xml;base64,PHN2ZyB3aWR0aD0iMSIgaGVpZ2h0PSIxIiB4bWxucz0iaHR0cDovL3d3dy53My5vcmcvMjAwMC9zdmciPjwvc3ZnPg==\" style=\"--smush-placeholder-width: 600px; --smush-placeholder-aspect-ratio: 600\/600;\" \/><\/div><\/a><a class=\"w-gallery-item order_7\" href=\"https:\/\/ashtonschool.edu.do\/wp-content\/uploads\/ashton-school-sd-art-6.png\" title=\"ashton-school-sd-art-6\"><div class=\"w-gallery-item-img\"><img decoding=\"async\" width=\"600\" height=\"600\" data-src=\"https:\/\/ashtonschool.edu.do\/wp-content\/uploads\/ashton-school-sd-art-6-600x600.png\" class=\"attachment-us_600_600_crop size-us_600_600_crop lazyload\" alt=\"\" data-srcset=\"https:\/\/ashtonschool.edu.do\/wp-content\/uploads\/ashton-school-sd-art-6-600x600.png 600w, https:\/\/ashtonschool.edu.do\/wp-content\/uploads\/ashton-school-sd-art-6-150x150.png 150w\" data-sizes=\"(max-width: 600px) 100vw, 600px\" src=\"data:image\/svg+xml;base64,PHN2ZyB3aWR0aD0iMSIgaGVpZ2h0PSIxIiB4bWxucz0iaHR0cDovL3d3dy53My5vcmcvMjAwMC9zdmciPjwvc3ZnPg==\" style=\"--smush-placeholder-width: 600px; --smush-placeholder-aspect-ratio: 600\/600;\" \/><\/div><\/a><a class=\"w-gallery-item order_8\" href=\"https:\/\/ashtonschool.edu.do\/wp-content\/uploads\/ashton-school-sd-art-5.png\" title=\"ashton-school-sd-art-5\"><div class=\"w-gallery-item-img\"><img decoding=\"async\" width=\"600\" height=\"600\" data-src=\"https:\/\/ashtonschool.edu.do\/wp-content\/uploads\/ashton-school-sd-art-5-600x600.png\" class=\"attachment-us_600_600_crop size-us_600_600_crop lazyload\" alt=\"\" data-srcset=\"https:\/\/ashtonschool.edu.do\/wp-content\/uploads\/ashton-school-sd-art-5-600x600.png 600w, https:\/\/ashtonschool.edu.do\/wp-content\/uploads\/ashton-school-sd-art-5-150x150.png 150w\" data-sizes=\"(max-width: 600px) 100vw, 600px\" src=\"data:image\/svg+xml;base64,PHN2ZyB3aWR0aD0iMSIgaGVpZ2h0PSIxIiB4bWxucz0iaHR0cDovL3d3dy53My5vcmcvMjAwMC9zdmciPjwvc3ZnPg==\" style=\"--smush-placeholder-width: 600px; --smush-placeholder-aspect-ratio: 600\/600;\" \/><\/div><\/a><a class=\"w-gallery-item order_9\" href=\"https:\/\/ashtonschool.edu.do\/wp-content\/uploads\/ashton-school-sd-art-4.png\" title=\"ashton-school-sd-art-4\"><div class=\"w-gallery-item-img\"><img decoding=\"async\" width=\"600\" height=\"600\" data-src=\"https:\/\/ashtonschool.edu.do\/wp-content\/uploads\/ashton-school-sd-art-4-600x600.png\" class=\"attachment-us_600_600_crop size-us_600_600_crop lazyload\" alt=\"\" data-srcset=\"https:\/\/ashtonschool.edu.do\/wp-content\/uploads\/ashton-school-sd-art-4-600x600.png 600w, https:\/\/ashtonschool.edu.do\/wp-content\/uploads\/ashton-school-sd-art-4-150x150.png 150w\" data-sizes=\"(max-width: 600px) 100vw, 600px\" src=\"data:image\/svg+xml;base64,PHN2ZyB3aWR0aD0iMSIgaGVpZ2h0PSIxIiB4bWxucz0iaHR0cDovL3d3dy53My5vcmcvMjAwMC9zdmciPjwvc3ZnPg==\" style=\"--smush-placeholder-width: 600px; --smush-placeholder-aspect-ratio: 600\/600;\" \/><\/div><\/a><a class=\"w-gallery-item order_10\" href=\"https:\/\/ashtonschool.edu.do\/wp-content\/uploads\/ashton-school-sd-art-3.png\" title=\"ashton-school-sd-art-3\"><div class=\"w-gallery-item-img\"><img decoding=\"async\" width=\"600\" height=\"600\" data-src=\"https:\/\/ashtonschool.edu.do\/wp-content\/uploads\/ashton-school-sd-art-3-600x600.png\" class=\"attachment-us_600_600_crop size-us_600_600_crop lazyload\" alt=\"\" data-srcset=\"https:\/\/ashtonschool.edu.do\/wp-content\/uploads\/ashton-school-sd-art-3-600x600.png 600w, https:\/\/ashtonschool.edu.do\/wp-content\/uploads\/ashton-school-sd-art-3-150x150.png 150w\" data-sizes=\"(max-width: 600px) 100vw, 600px\" src=\"data:image\/svg+xml;base64,PHN2ZyB3aWR0aD0iMSIgaGVpZ2h0PSIxIiB4bWxucz0iaHR0cDovL3d3dy53My5vcmcvMjAwMC9zdmciPjwvc3ZnPg==\" style=\"--smush-placeholder-width: 600px; --smush-placeholder-aspect-ratio: 600\/600;\" \/><\/div><\/a><a class=\"w-gallery-item order_11\" href=\"https:\/\/ashtonschool.edu.do\/wp-content\/uploads\/ashton-school-sd-art-2.png\" title=\"ashton-school-sd-art-2\"><div class=\"w-gallery-item-img\"><img decoding=\"async\" width=\"600\" height=\"600\" data-src=\"https:\/\/ashtonschool.edu.do\/wp-content\/uploads\/ashton-school-sd-art-2-600x600.png\" class=\"attachment-us_600_600_crop size-us_600_600_crop lazyload\" alt=\"\" data-srcset=\"https:\/\/ashtonschool.edu.do\/wp-content\/uploads\/ashton-school-sd-art-2-600x600.png 600w, https:\/\/ashtonschool.edu.do\/wp-content\/uploads\/ashton-school-sd-art-2-150x150.png 150w\" data-sizes=\"(max-width: 600px) 100vw, 600px\" src=\"data:image\/svg+xml;base64,PHN2ZyB3aWR0aD0iMSIgaGVpZ2h0PSIxIiB4bWxucz0iaHR0cDovL3d3dy53My5vcmcvMjAwMC9zdmciPjwvc3ZnPg==\" style=\"--smush-placeholder-width: 600px; --smush-placeholder-aspect-ratio: 600\/600;\" \/><\/div><\/a><a class=\"w-gallery-item order_12\" href=\"https:\/\/ashtonschool.edu.do\/wp-content\/uploads\/ashton-school-sd-art-1.png\" title=\"ashton-school-sd-art-1\"><div class=\"w-gallery-item-img\"><img decoding=\"async\" width=\"600\" height=\"600\" data-src=\"https:\/\/ashtonschool.edu.do\/wp-content\/uploads\/ashton-school-sd-art-1-600x600.png\" class=\"attachment-us_600_600_crop size-us_600_600_crop lazyload\" alt=\"\" data-srcset=\"https:\/\/ashtonschool.edu.do\/wp-content\/uploads\/ashton-school-sd-art-1-600x600.png 600w, https:\/\/ashtonschool.edu.do\/wp-content\/uploads\/ashton-school-sd-art-1-150x150.png 150w\" data-sizes=\"(max-width: 600px) 100vw, 600px\" src=\"data:image\/svg+xml;base64,PHN2ZyB3aWR0aD0iMSIgaGVpZ2h0PSIxIiB4bWxucz0iaHR0cDovL3d3dy53My5vcmcvMjAwMC9zdmciPjwvc3ZnPg==\" style=\"--smush-placeholder-width: 600px; --smush-placeholder-aspect-ratio: 600\/600;\" \/><\/div><\/a><\/div><\/div>\n<\/div><\/div><\/div><\/div><\/div><\/div><\/div><\/section>\n<\/div>","protected":false},"excerpt":{"rendered":"Nos esforzamos por brindar un programa de bellas artes de calidad que permita a los estudiantes de todos los grados estar expuestos a las artes visuales, esc\u00e9nicas y musicales en diferentes etapas durante su carrera acad\u00e9mica. Todos los estudiantes est\u00e1n inscritos en artes visuales desde PK hasta el grado 12. Cada estudiante tiene la oportunidad de ser...","protected":false},"author":1,"featured_media":41876,"parent":0,"menu_order":0,"comment_status":"closed","ping_status":"closed","template":"","meta":{"_acf_changed":false,"inline_featured_image":false,"footnotes":"","_links_to":"","_links_to_target":""},"class_list":["post-26055","page","type-page","status-publish","has-post-thumbnail","hentry"],"acf":[],"_links":{"self":[{"href":"https:\/\/ashtonschool.edu.do\/es\/wp-json\/wp\/v2\/pages\/26055","targetHints":{"allow":["GET"]}}],"collection":[{"href":"https:\/\/ashtonschool.edu.do\/es\/wp-json\/wp\/v2\/pages"}],"about":[{"href":"https:\/\/ashtonschool.edu.do\/es\/wp-json\/wp\/v2\/types\/page"}],"author":[{"embeddable":true,"href":"https:\/\/ashtonschool.edu.do\/es\/wp-json\/wp\/v2\/users\/1"}],"replies":[{"embeddable":true,"href":"https:\/\/ashtonschool.edu.do\/es\/wp-json\/wp\/v2\/comments?post=26055"}],"version-history":[{"count":9,"href":"https:\/\/ashtonschool.edu.do\/es\/wp-json\/wp\/v2\/pages\/26055\/revisions"}],"predecessor-version":[{"id":41882,"href":"https:\/\/ashtonschool.edu.do\/es\/wp-json\/wp\/v2\/pages\/26055\/revisions\/41882"}],"wp:featuredmedia":[{"embeddable":true,"href":"https:\/\/ashtonschool.edu.do\/es\/wp-json\/wp\/v2\/media\/41876"}],"wp:attachment":[{"href":"https:\/\/ashtonschool.edu.do\/es\/wp-json\/wp\/v2\/media?parent=26055"}],"curies":[{"name":"wp","href":"https:\/\/api.w.org\/{rel}","templated":true}]}}