{"id":26032,"date":"2020-03-31T01:37:16","date_gmt":"2020-03-31T05:37:16","guid":{"rendered":"https:\/\/new.ashtonschool.edu.do\/?page_id=26032"},"modified":"2025-11-05T12:31:50","modified_gmt":"2025-11-05T16:31:50","slug":"parents","status":"publish","type":"page","link":"https:\/\/ashtonschool.edu.do\/es\/parents\/","title":{"rendered":"Asociaci\u00f3n de padres"},"content":{"rendered":"<div class=\"wpb-content-wrapper\"><section class=\"l-section wpb_row us_custom_1408d75f height_auto width_full\"><div class=\"l-section-h i-cf\"><div class=\"g-cols vc_row via_flex valign_top type_default\"><div class=\"vc_col-sm-3 wpb_column vc_column_container\"><div class=\"vc_column-inner us_custom_0d017ec5\"><div class=\"wpb_wrapper\"><div class=\"w-image align_none\"><div class=\"w-image-h\"><img decoding=\"async\" width=\"1024\" height=\"654\" data-src=\"https:\/\/ashtonschool.edu.do\/wp-content\/uploads\/2020\/03\/IMG-20190925-WA0016-1024x654.jpg\" class=\"attachment-large size-large lazyload\" alt=\"\" data-srcset=\"https:\/\/ashtonschool.edu.do\/wp-content\/uploads\/2020\/03\/IMG-20190925-WA0016-1024x654.jpg 1024w, https:\/\/ashtonschool.edu.do\/wp-content\/uploads\/2020\/03\/IMG-20190925-WA0016-600x383.jpg 600w, https:\/\/ashtonschool.edu.do\/wp-content\/uploads\/2020\/03\/IMG-20190925-WA0016-300x191.jpg 300w, https:\/\/ashtonschool.edu.do\/wp-content\/uploads\/2020\/03\/IMG-20190925-WA0016.jpg 1280w\" data-sizes=\"(max-width: 1024px) 100vw, 1024px\" src=\"data:image\/svg+xml;base64,PHN2ZyB3aWR0aD0iMSIgaGVpZ2h0PSIxIiB4bWxucz0iaHR0cDovL3d3dy53My5vcmcvMjAwMC9zdmciPjwvc3ZnPg==\" style=\"--smush-placeholder-width: 1024px; --smush-placeholder-aspect-ratio: 1024\/654;\" \/><\/div><\/div><\/div><\/div><\/div><div class=\"vc_col-sm-9 wpb_column vc_column_container\"><div class=\"vc_column-inner\"><div class=\"wpb_wrapper\"><div class=\"wpb_text_column\"><div class=\"wpb_wrapper\"><p>La Asociaci\u00f3n de Padres de la Escuela Ashton (ASPAS) es el mecanismo principal a trav\u00e9s del cual los padres pueden participar activamente y tener oportunidades de liderazgo. ASPAS se re\u00fane mensualmente con el Director de la escuela y el Coordinador de desarrollo, organizado por la escuela, en los terrenos de la escuela. En estas reuniones, ASPAS puede presentar solicitudes y planificar actividades dirigidas por los padres como el D\u00eda de Diversi\u00f3n Familiar, la Chocolatada de Navidad, la Independencia Dominicana y las celebraciones del D\u00eda de la Madre.<\/p>\n<p>ASPAS tambi\u00e9n juega un papel principal en la inversi\u00f3n principal patrocinada por los padres que se realiza en la escuela cada uno o dos a\u00f1os. Ejemplos de esto en los \u00faltimos tres a\u00f1os incluyen actualizaciones para equipar mejor el laboratorio de ciencias, mejoras en la cafeter\u00eda interior y, m\u00e1s recientemente, la creaci\u00f3n del DREAM Maker Lab. Se puede ver una muestra de evidencia de lo anterior en los Informes a la comunidad de la Asociaci\u00f3n de Padres de las Escuelas de Ashton para los a\u00f1os escolares 2017-2018 y 2018-2019. ASPAS tiene representaci\u00f3n en la Junta Directiva y juega un papel vital en llevar directamente las perspectivas de los padres y las actividades realizadas a las reuniones de la Junta. (Ver ejemplo de Informe ASPAS a la Junta Directiva - 2017)<\/p>\n<p>Este comit\u00e9 es fundamental para que una escuela funcione de manera eficaz, ya que su principal objetivo es representar a la asamblea de padres en la escuela. Asimismo, ayudar\u00e1 a monitorear, junto con la escuela, la comunicaci\u00f3n efectiva entre todos los interesados de la comunidad.<\/p>\n<p>Se anima a todos los padres a participar en la Asociaci\u00f3n de Padres de la Escuela Ashton (ASPAS). Se enviar\u00e1 una carta informativa a los padres a principios del a\u00f1o escolar explicando los procedimientos a seguir si alg\u00fan padre desea participar.<\/p>\n<p>El Consejo Ejecutivo de ASPAS se elige por un per\u00edodo de dos a\u00f1os y de acuerdo con el Ministerio de Educaci\u00f3n de la Naci\u00f3n, debe estar integrado por:<\/p>\n<ul>\n<li>Un (1) miembro que representa los niveles de preescolar (Pre-Kinder \/ Kinder)<\/li>\n<li>Dos (2) miembros que representan el 1er ciclo de Primaria (1o - 6o)<\/li>\n<li>Un (1) miembro que representa el 1er ciclo de Secundaria (7mo - 12vo)<\/li>\n<li>Un (1) miembro representante de la Junta Directiva<\/li>\n<li>Un (1) miembro representante de la Administraci\u00f3n Escolar<\/li>\n<\/ul>\n<p>ASPAS est\u00e1 legalmente constituida y regulada de acuerdo con sus estatutos y las pol\u00edticas internas creadas al efecto.<\/p>\n<h4>Proyectos ASPAS<\/h4>\n<p>Actividades de integraci\u00f3n comunitaria: Burger Night, Family Fun Day, Chocolatada y Mother&#039;s Day.<\/p>\n<p>Servicio Comunitario: Bono de Navidad \u201cComparte tu despensa\u201d para personal de apoyo<\/p>\n<p>Apoyo a la Semana Dominicana: Talleres para estudiantes<\/p>\n<p>Apoyo parental: revistas y talleres para padres<\/p>\n<\/div><\/div><\/div><\/div><\/div><\/div><\/div><\/section>\n<\/div>","protected":false},"excerpt":{"rendered":"La Asociaci\u00f3n de Padres de la Escuela Ashton (ASPAS) es el mecanismo principal a trav\u00e9s del cual los padres pueden participar activamente y tener oportunidades de liderazgo. ASPAS se re\u00fane mensualmente con el Director de la Escuela y el Coordinador de Desarrollo, organizado por la escuela, en los terrenos de la escuela. En estas reuniones, ASPAS puede presentar solicitudes y planificar...","protected":false},"author":1,"featured_media":41840,"parent":0,"menu_order":0,"comment_status":"closed","ping_status":"closed","template":"","meta":{"_acf_changed":false,"inline_featured_image":false,"footnotes":"","_links_to":"","_links_to_target":""},"class_list":["post-26032","page","type-page","status-publish","has-post-thumbnail","hentry"],"acf":[],"_links":{"self":[{"href":"https:\/\/ashtonschool.edu.do\/es\/wp-json\/wp\/v2\/pages\/26032","targetHints":{"allow":["GET"]}}],"collection":[{"href":"https:\/\/ashtonschool.edu.do\/es\/wp-json\/wp\/v2\/pages"}],"about":[{"href":"https:\/\/ashtonschool.edu.do\/es\/wp-json\/wp\/v2\/types\/page"}],"author":[{"embeddable":true,"href":"https:\/\/ashtonschool.edu.do\/es\/wp-json\/wp\/v2\/users\/1"}],"replies":[{"embeddable":true,"href":"https:\/\/ashtonschool.edu.do\/es\/wp-json\/wp\/v2\/comments?post=26032"}],"version-history":[{"count":9,"href":"https:\/\/ashtonschool.edu.do\/es\/wp-json\/wp\/v2\/pages\/26032\/revisions"}],"predecessor-version":[{"id":26175,"href":"https:\/\/ashtonschool.edu.do\/es\/wp-json\/wp\/v2\/pages\/26032\/revisions\/26175"}],"wp:featuredmedia":[{"embeddable":true,"href":"https:\/\/ashtonschool.edu.do\/es\/wp-json\/wp\/v2\/media\/41840"}],"wp:attachment":[{"href":"https:\/\/ashtonschool.edu.do\/es\/wp-json\/wp\/v2\/media?parent=26032"}],"curies":[{"name":"wp","href":"https:\/\/api.w.org\/{rel}","templated":true}]}}