{"id":25975,"date":"2020-03-26T00:47:12","date_gmt":"2020-03-26T04:47:12","guid":{"rendered":"https:\/\/new.ashtonschool.edu.do\/?page_id=25975"},"modified":"2025-11-05T12:32:43","modified_gmt":"2025-11-05T16:32:43","slug":"studentsupport","status":"publish","type":"page","link":"https:\/\/ashtonschool.edu.do\/es\/studentsupport\/","title":{"rendered":"Apoyo al estudiante"},"content":{"rendered":"<div class=\"wpb-content-wrapper\"><section class=\"l-section wpb_row us_custom_d2199d32 height_small width_full\"><div class=\"l-section-h i-cf\"><div class=\"g-cols vc_row via_flex valign_top type_default\"><div class=\"vc_col-sm-6 wpb_column vc_column_container\"><div class=\"vc_column-inner\"><div class=\"wpb_wrapper\"><div class=\"wpb_text_column fancy\"><div class=\"wpb_wrapper\"><h5 style=\"text-align: center;\">Visi\u00f3n general<\/h5>\n<\/div><\/div><div class=\"w-separator size_custom\" style=\"height:30px\"><\/div><div class=\"wpb_text_column\"><div class=\"wpb_wrapper\"><p>Los esfuerzos de apoyo a los estudiantes se coordinan a trav\u00e9s de nuestro Departamento de Orientaci\u00f3n. Tiene como objetivo brindar a los estudiantes apoyo, asesoramiento y orientaci\u00f3n en sus \u00e1reas sociales, emocionales, educativas y vocacionales. El departamento contribuye a desarrollar personas con valores y est\u00e1ndares que sean capaces de tomar decisiones sabias y saludables y administrar su vida personal.<\/p>\n<p>Siempre que es necesario el Departamento de Orientaci\u00f3n organiza grupos de apoyo y grupos de diversificaci\u00f3n. El consejero realiza intervenciones en momentos de crisis que pueden incluir a toda la clase o solo a grupos peque\u00f1os dependiendo de la necesidad.<\/p>\n<blockquote>\n<p>La orientaci\u00f3n no es un elemento de disciplina en la escuela, sino m\u00e1s bien prevenci\u00f3n.<\/p>\n<\/blockquote>\n<p>El departamento trabaja con los padres para eliminar las barreras que impiden que el estudiante se desarrolle, se enfoca en mantener una comunicaci\u00f3n efectiva con las familias y los maestros.<\/p>\n<\/div><\/div><\/div><\/div><\/div><div class=\"vc_col-sm-6 wpb_column vc_column_container\"><div class=\"vc_column-inner\"><div class=\"wpb_wrapper\"><div class=\"wpb_text_column fancy\"><div class=\"wpb_wrapper\"><h5 style=\"text-align: center;\">Programa de rotura de leche<\/h5>\n<\/div><\/div><div class=\"w-separator size_custom\" style=\"height:30px\"><\/div><div class=\"wpb_text_column\"><div class=\"wpb_wrapper\"><p>Milkbreak es el nombre designado para el comit\u00e9 de estudio infantil de la escuela.<\/p>\n<p>Se espera que los estudiantes con necesidades especiales dominen el plan de estudios general en la m\u00e1xima medida apropiada con el uso de intervenciones en la escuela, as\u00ed como instrucci\u00f3n complementaria externa y otro tipo de apoyo como asistencia psicol\u00f3gica y m\u00e9dica. Estos estudiantes generalmente se conocen como estudiantes de Milkbreak. Tan pronto como los estudiantes son referidos, se informa a los padres que el ni\u00f1o ha sido referido al Equipo de Apoyo Estudiantil (Milkbreak) para recomendaciones o condiciones. Milkbreak se realiza tres veces al a\u00f1o.<\/p>\n<p>Los maestros, consejeros, coordinadores y el director de la escuela monitorean cuidadosamente el progreso de cada estudiante. La escuela har\u00e1 todo lo posible para ayudar en el aprendizaje del estudiante y, en el caso de dificultades o circunstancias especiales, puede ser necesaria ayuda adicional para asegurar el \u00e9xito del ni\u00f1o.<\/p>\n<p>La provisi\u00f3n de un ambiente de aprendizaje equitativo para todos los estudiantes es uno de los <a href=\"https:\/\/ashtonschool.edu.do\/ataglance\/#guiding\">Principios rectores<\/a>.<\/p>\n<\/div><\/div><\/div><\/div><\/div><\/div><\/div><\/section><section class=\"l-section wpb_row us_custom_99817634 height_small width_full\"><div class=\"l-section-h i-cf\"><div class=\"g-cols vc_row via_flex valign_top type_default\"><div class=\"vc_col-sm-6 wpb_column vc_column_container has_bg_color\"><div class=\"vc_column-inner us_custom_e0944f04\"><div class=\"wpb_wrapper\"><div class=\"w-separator size_custom\" style=\"height:300px\"><\/div><\/div><\/div><\/div><div class=\"vc_col-sm-6 wpb_column vc_column_container\"><div class=\"vc_column-inner\"><div class=\"wpb_wrapper\"><div class=\"wpb_text_column fancy\"><div class=\"wpb_wrapper\"><h5 style=\"text-align: center;\">Preparaci\u00f3n universitaria<\/h5>\n<\/div><\/div><div class=\"w-separator size_custom\" style=\"height:30px\"><\/div><div class=\"wpb_text_column\"><div class=\"wpb_wrapper\"><p>El consejero de orientaci\u00f3n de la escuela secundaria ayuda a los estudiantes con todos los asuntos relacionados con la planificaci\u00f3n universitaria y profesional, que incluyen: proporcionar informaci\u00f3n y asesoramiento para la preparaci\u00f3n universitaria, guiar a los estudiantes con la selecci\u00f3n de posibles carreras, realizar pruebas vocacionales, escribir cartas de recomendaci\u00f3n y ayudar con las solicitudes selecciones de cursos que puedan prepararlos para futuros estudios universitarios, contactar universidades y realizar visitas a universidades, establecer contactos con otros consejeros de orientaci\u00f3n, entre otras responsabilidades.<\/p>\n<\/div><\/div><\/div><\/div><\/div><\/div><\/div><\/section><section class=\"l-section wpb_row us_custom_99817634 height_small width_full\"><div class=\"l-section-h i-cf\"><div class=\"g-cols vc_row via_flex valign_top type_default\"><div class=\"vc_col-sm-12 wpb_column vc_column_container\"><div class=\"vc_column-inner\"><div class=\"wpb_wrapper\"><div class=\"wpb_text_column fancy\"><div class=\"wpb_wrapper\"><h5 style=\"text-align: center;\">Nuestros consejeros de orientaci\u00f3n<\/h5>\n<\/div><\/div><\/div><\/div><\/div><\/div><\/div><\/section><section class=\"l-section wpb_row us_custom_99817634 height_small width_full\"><div class=\"l-section-h i-cf\"><div class=\"g-cols vc_row via_flex valign_top type_default\"><div class=\"vc_col-sm-2 wpb_column vc_column_container\"><div class=\"vc_column-inner\"><div class=\"wpb_wrapper\"><\/div><\/div><\/div><div class=\"vc_col-sm-4 wpb_column vc_column_container\"><div class=\"vc_column-inner\"><div class=\"wpb_wrapper\"><div class=\"w-image align_center\"><div class=\"w-image-h\"><img decoding=\"async\" width=\"1183\" height=\"852\" data-src=\"https:\/\/ashtonschool.edu.do\/wp-content\/uploads\/WhatsApp-Image-2025-09-01-at-18.43.52-e1756767336926.jpeg\" class=\"attachment-full size-full lazyload\" alt=\"\" data-srcset=\"https:\/\/ashtonschool.edu.do\/wp-content\/uploads\/WhatsApp-Image-2025-09-01-at-18.43.52-e1756767336926.jpeg 1183w, https:\/\/ashtonschool.edu.do\/wp-content\/uploads\/WhatsApp-Image-2025-09-01-at-18.43.52-e1756767336926-300x216.jpeg 300w, https:\/\/ashtonschool.edu.do\/wp-content\/uploads\/WhatsApp-Image-2025-09-01-at-18.43.52-e1756767336926-1024x737.jpeg 1024w, https:\/\/ashtonschool.edu.do\/wp-content\/uploads\/WhatsApp-Image-2025-09-01-at-18.43.52-e1756767336926-18x12.jpeg 18w\" data-sizes=\"(max-width: 1183px) 100vw, 1183px\" src=\"data:image\/svg+xml;base64,PHN2ZyB3aWR0aD0iMSIgaGVpZ2h0PSIxIiB4bWxucz0iaHR0cDovL3d3dy53My5vcmcvMjAwMC9zdmciPjwvc3ZnPg==\" style=\"--smush-placeholder-width: 1183px; --smush-placeholder-aspect-ratio: 1183\/852;\" \/><\/div><\/div><div class=\"w-separator size_custom\" style=\"height:15px\"><\/div><div class=\"wpb_text_column\"><div class=\"wpb_wrapper\"><p style=\"text-align: left;\"><strong>Sra. Wendy Rudeke<\/strong><\/p>\n<p>La Sra. Rudeke, nuestra consejera de la escuela secundaria y preparatoria, es psic\u00f3loga con maestr\u00eda en educaci\u00f3n y consejera escolar capacitada. Tiene m\u00e1s de 22 a\u00f1os de experiencia en escuelas, 20 han estado sirviendo a la comunidad de Ashton.<\/p>\n<p>Haber sido parte del departamento de consejer\u00eda desde sus primeros pasos enfocados en la primaria, hasta lo que ahora es un grupo de profesionales dedicados es m\u00e1s de lo que cualquiera hubiera deseado. Dedicada y comprometida con el servicio, se esfuerza por garantizar que los estudiantes obtengan estrategias que permitan que cada uno alcance sus metas individuales. A ella le apasiona trabajar con estudiantes de secundaria y preparatoria y alcanzar sus necesidades.<\/p>\n<p>Ella es compasiva y emp\u00e1tica y ha aprendido caminando junto a sus estudiantes, ella recibe m\u00e1s de lo que podr\u00eda dar.<\/p>\n<\/div><\/div><\/div><\/div><\/div><div class=\"vc_col-sm-4 wpb_column vc_column_container\"><div class=\"vc_column-inner\"><div class=\"wpb_wrapper\"><div class=\"w-image us_custom_e391a092 align_center\"><div class=\"w-image-h\"><img decoding=\"async\" width=\"505\" height=\"359\" data-src=\"https:\/\/ashtonschool.edu.do\/wp-content\/uploads\/2020\/03\/ashton-claudia-rodriguez-e1756767614334.jpg\" class=\"attachment-full size-full lazyload\" alt=\"\" data-srcset=\"https:\/\/ashtonschool.edu.do\/wp-content\/uploads\/2020\/03\/ashton-claudia-rodriguez-e1756767614334.jpg 505w, https:\/\/ashtonschool.edu.do\/wp-content\/uploads\/2020\/03\/ashton-claudia-rodriguez-e1756767614334-300x213.jpg 300w, https:\/\/ashtonschool.edu.do\/wp-content\/uploads\/2020\/03\/ashton-claudia-rodriguez-e1756767614334-18x12.jpg 18w\" data-sizes=\"(max-width: 505px) 100vw, 505px\" src=\"data:image\/svg+xml;base64,PHN2ZyB3aWR0aD0iMSIgaGVpZ2h0PSIxIiB4bWxucz0iaHR0cDovL3d3dy53My5vcmcvMjAwMC9zdmciPjwvc3ZnPg==\" style=\"--smush-placeholder-width: 505px; --smush-placeholder-aspect-ratio: 505\/359;\" \/><\/div><\/div><div class=\"w-separator size_custom\" style=\"height:15px\"><\/div><div class=\"wpb_text_column\"><div class=\"wpb_wrapper\"><p style=\"text-align: left;\"><strong>Sra. Sarah Rodr\u00edguez<\/strong><\/p>\n<p>La Sra. Rodr\u00edguez es nuestra Consejera de Primaria a quien le encanta trabajar para satisfacer las necesidades sociales, emocionales y acad\u00e9micas de cada estudiante para asegurar el \u00e9xito a largo plazo para todos.<\/p>\n<p>Durante los \u00faltimos 20 a\u00f1os ha estado involucrada en la educaci\u00f3n temprana, ha ense\u00f1ado en varios niveles de grado desde preescolar hasta primaria, y ha sido nuestra consejera durante los \u00faltimos 7 a\u00f1os.<\/p>\n<p>Desde que recuerda estar rodeada de ni\u00f1os, ha sido su sue\u00f1o. Ella se siente agradecida todos los d\u00edas por la oportunidad de moldear corazones y ense\u00f1ar valores, que en Ashton es lo que nos hace especiales. Ella siente la responsabilidad de promover una cultura de bondad y respeto entre nuestros estudiantes. Ella cree firmemente en construir relaciones saludables con ellos para poder conectarse y convertirse en lo que estaban buscando en un consejero.<\/p>\n<p>A la Sra. Rodr\u00edguez le apasiona aprender y volverse ingeniosa para los padres, maestros y estudiantes. Le gusta leer, viajar y pasar tiempo con su familia.<\/p>\n<\/div><\/div><\/div><\/div><\/div><div class=\"vc_col-sm-2 wpb_column vc_column_container\"><div class=\"vc_column-inner\"><div class=\"wpb_wrapper\"><\/div><\/div><\/div><\/div><\/div><\/section>\n<\/div>","protected":false},"excerpt":{"rendered":"Descripci\u00f3n general Los esfuerzos de apoyo a los estudiantes se coordinan a trav\u00e9s de nuestro Departamento de Orientaci\u00f3n. Tiene como objetivo brindar a los estudiantes apoyo, asesoramiento y orientaci\u00f3n en sus \u00e1reas social, afectiva, educativa y vocacional. El departamento contribuye a desarrollar individuos con valores y est\u00e1ndares que sean capaces de tomar decisiones sabias y saludables y administrar su vida personal. Siempre que sea necesario la Orientaci\u00f3n...","protected":false},"author":1,"featured_media":41872,"parent":0,"menu_order":0,"comment_status":"closed","ping_status":"closed","template":"","meta":{"_acf_changed":false,"inline_featured_image":false,"footnotes":"","_links_to":"","_links_to_target":""},"class_list":["post-25975","page","type-page","status-publish","has-post-thumbnail","hentry"],"acf":[],"_links":{"self":[{"href":"https:\/\/ashtonschool.edu.do\/es\/wp-json\/wp\/v2\/pages\/25975","targetHints":{"allow":["GET"]}}],"collection":[{"href":"https:\/\/ashtonschool.edu.do\/es\/wp-json\/wp\/v2\/pages"}],"about":[{"href":"https:\/\/ashtonschool.edu.do\/es\/wp-json\/wp\/v2\/types\/page"}],"author":[{"embeddable":true,"href":"https:\/\/ashtonschool.edu.do\/es\/wp-json\/wp\/v2\/users\/1"}],"replies":[{"embeddable":true,"href":"https:\/\/ashtonschool.edu.do\/es\/wp-json\/wp\/v2\/comments?post=25975"}],"version-history":[{"count":20,"href":"https:\/\/ashtonschool.edu.do\/es\/wp-json\/wp\/v2\/pages\/25975\/revisions"}],"predecessor-version":[{"id":41905,"href":"https:\/\/ashtonschool.edu.do\/es\/wp-json\/wp\/v2\/pages\/25975\/revisions\/41905"}],"wp:featuredmedia":[{"embeddable":true,"href":"https:\/\/ashtonschool.edu.do\/es\/wp-json\/wp\/v2\/media\/41872"}],"wp:attachment":[{"href":"https:\/\/ashtonschool.edu.do\/es\/wp-json\/wp\/v2\/media?parent=25975"}],"curies":[{"name":"wp","href":"https:\/\/api.w.org\/{rel}","templated":true}]}}