{"id":25919,"date":"2020-03-25T22:33:13","date_gmt":"2020-03-26T02:33:13","guid":{"rendered":"https:\/\/new.ashtonschool.edu.do\/?page_id=25919"},"modified":"2025-11-05T12:30:33","modified_gmt":"2025-11-05T16:30:33","slug":"middleschool","status":"publish","type":"page","link":"https:\/\/ashtonschool.edu.do\/es\/middleschool\/","title":{"rendered":"Escuela intermedia"},"content":{"rendered":"<div class=\"wpb-content-wrapper\"><section class=\"l-section wpb_row us_custom_d2199d32 height_small width_full\"><div class=\"l-section-h i-cf\"><div class=\"g-cols vc_row via_flex valign_top type_default\"><div class=\"vc_col-sm-6 wpb_column vc_column_container\"><div class=\"vc_column-inner\"><div class=\"wpb_wrapper\"><div class=\"wpb_text_column fancy\"><div class=\"wpb_wrapper\"><h5 style=\"text-align: center;\">Visi\u00f3n general<\/h5>\n<\/div><\/div><div class=\"w-separator size_custom\" style=\"height:30px\"><\/div><div class=\"wpb_text_column\"><div class=\"wpb_wrapper\"><p>El plan de estudios de la escuela secundaria y preparatoria Ashton School es rigurosamente preparatorio para la universidad con requisitos altamente desarrollados en todas las \u00e1reas acad\u00e9micas. El programa acad\u00e9mico est\u00e1 bien desarrollado y es de amplio alcance, y ofrece cursos de ingl\u00e9s, matem\u00e1ticas, estudios sociales, ciencias, literatura espa\u00f1ola y sociales en espa\u00f1ol, en los grados 7 al 12. El programa de la escuela intermedia incluye materias optativas en el espectro de Bellas Artes con al menos cuatro cursos diferentes disponibles cada semestre. En el programa de matem\u00e1ticas, la escuela Ashton ha desarrollado oportunidades para participar en una oferta de matem\u00e1ticas AP o matem\u00e1ticas de honores.<\/p>\n<p>Reconociendo que la participaci\u00f3n en las artes y la educaci\u00f3n f\u00edsica tiene un impacto directo y positivo en el trabajo acad\u00e9mico de los estudiantes, el plan de estudios de Ashton es una de las pocas escuelas en el pa\u00eds con nataci\u00f3n (hasta el sexto grado y como curso electivo para los estudiantes de secundaria) y clases de arte (hasta el grado 12) como un requisito para todos los estudiantes.<\/p>\n<p>Los programas cocurriculares de Ashton incluyen un ambicioso programa de educaci\u00f3n del car\u00e1cter, un programa de aprendizaje de servicio comunitario y un programa atl\u00e9tico interescolar altamente desarrollado. La escuela tambi\u00e9n apoya la necesidad de crecimiento continuo y desaf\u00edos para sus estudiantes a trav\u00e9s de una serie de programas especiales que incluyen: estudio independiente, proyectos finales de \u00faltimo a\u00f1o, Modelo de las Naciones Unidas, Club de Debate, ferias acad\u00e9micas y otros.<\/p>\n<p>Los programas se ampl\u00edan para incluir la adquisici\u00f3n de lenguas extranjeras y se ofrece franc\u00e9s a los estudiantes en los grados 7 al 12. La tecnolog\u00eda est\u00e1 disponible en la escuela Ashton. Cada sal\u00f3n de clases est\u00e1 equipado con una computadora, proyectores LCD, que se comparten entre los departamentos y los maestros administran el progreso de los estudiantes utilizando Ren Web Facts (un libro de calificaciones en l\u00ednea para el acceso de padres, estudiantes y maestros).<\/p>\n<p>La cultura y la comunidad escolar de Ashton se definen por el pensamiento y la acci\u00f3n progresistas, la curiosidad intelectual, una poblaci\u00f3n multicultural y comunitaria. Los estudiantes tienen a su disposici\u00f3n una amplia gama de actividades acad\u00e9micas y de liderazgo, algunas de las cuales son el club de teatro, el consejo estudiantil, la Sociedad Nacional de Honor y los clubes Modelo de las Naciones Unidas, Debate y Juventud en Acci\u00f3n.<\/p>\n<p>A lo largo de la escuela secundaria, los maestros instan a los estudiantes a explorar, tomar riesgos y trabajar duro, as\u00ed como a tener una participaci\u00f3n activa en el sal\u00f3n de clases. Un tama\u00f1o promedio de clase de 19 asegura una relaci\u00f3n significativa entre estudiantes y maestros.<\/p>\n<p>Un entorno de desarrollo profesional innovador y muy din\u00e1mico ofrece oportunidades de crecimiento y mejoras en la facultad que est\u00e1 comprometida con los programas acad\u00e9micos de la escuela secundaria y preparatoria Ashton.<\/p>\n<\/div><\/div><div class=\"w-separator size_custom\" style=\"height:30px\"><\/div><div class=\"w-image align_none\"><div class=\"w-image-h\"><img decoding=\"async\" width=\"1024\" height=\"689\" data-src=\"https:\/\/ashtonschool.edu.do\/wp-content\/uploads\/ashton-school-middleschool-sd-1-1024x689.png\" class=\"attachment-large size-large lazyload\" alt=\"\" data-srcset=\"https:\/\/ashtonschool.edu.do\/wp-content\/uploads\/ashton-school-middleschool-sd-1-1024x689.png 1024w, https:\/\/ashtonschool.edu.do\/wp-content\/uploads\/ashton-school-middleschool-sd-1-300x202.png 300w, https:\/\/ashtonschool.edu.do\/wp-content\/uploads\/ashton-school-middleschool-sd-1-18x12.png 18w\" data-sizes=\"(max-width: 1024px) 100vw, 1024px\" src=\"data:image\/svg+xml;base64,PHN2ZyB3aWR0aD0iMSIgaGVpZ2h0PSIxIiB4bWxucz0iaHR0cDovL3d3dy53My5vcmcvMjAwMC9zdmciPjwvc3ZnPg==\" style=\"--smush-placeholder-width: 1024px; --smush-placeholder-aspect-ratio: 1024\/689;\" \/><\/div><\/div><\/div><\/div><\/div><div class=\"vc_col-sm-6 wpb_column vc_column_container\"><div class=\"vc_column-inner\"><div class=\"wpb_wrapper\"><div class=\"wpb_text_column fancy\"><div class=\"wpb_wrapper\"><h5 style=\"text-align: center;\">Programa<\/h5>\n<\/div><\/div><div class=\"w-separator size_custom\" style=\"height:30px\"><\/div><div class=\"wpb_text_column\"><div class=\"wpb_wrapper\"><p>El programa acad\u00e9mico de la escuela est\u00e1 guiado por un plan de estudios basado en est\u00e1ndares de acuerdo con los est\u00e1ndares de EE. UU. Para las clases b\u00e1sicas que se imparten en ingl\u00e9s. La escuela tambi\u00e9n cumple con los requisitos del Ministerio de Educaci\u00f3n Nacional Dominicano (MINERD) en espa\u00f1ol, Estudios Sociales Dominicanos (Ciencias Sociales), Franc\u00e9s y Educaci\u00f3n del Car\u00e1cter (Desarrollo Humano y Religioso).<\/p>\n<\/div><\/div><div class=\"w-separator size_custom\" style=\"height:30px\"><\/div><div class=\"g-cols wpb_row via_flex valign_top type_default\"><div class=\"vc_col-sm-6 wpb_column vc_column_container\"><div class=\"vc_column-inner\"><div class=\"wpb_wrapper\"><div class=\"wpb_text_column\"><div class=\"wpb_wrapper\"><ul>\n<li>Artes del lenguaje (est\u00e1ndares b\u00e1sicos comunes de EE. UU.)<\/li>\n<li>Lengua Espa\u00f1ola (Artes del Lenguaje Espa\u00f1ol) - MINERD<\/li>\n<li>Estudios Sociales Dominicanos (Estudios Sociales Dominicanos)<\/li>\n<li>Matem\u00e1ticas (est\u00e1ndares b\u00e1sicos comunes de EE. UU.)<\/li>\n<li>Ciencia (pr\u00f3xima generaci\u00f3n de est\u00e1ndares cient\u00edficos)<\/li>\n<\/ul>\n<\/div><\/div><\/div><\/div><\/div><div class=\"vc_col-sm-6 wpb_column vc_column_container\"><div class=\"vc_column-inner\"><div class=\"wpb_wrapper\"><div class=\"wpb_text_column\"><div class=\"wpb_wrapper\"><ul>\n<li>Estudios Sociales<\/li>\n<li>Historia<\/li>\n<li>Educaci\u00f3n del car\u00e1cter<\/li>\n<li>Arte musical<\/li>\n<li>Tecnolog\u00eda (inform\u00e1tica) y habilidades de investigaci\u00f3n<\/li>\n<li>Educaci\u00f3n f\u00edsica (PE)<\/li>\n<li>franc\u00e9s<\/li>\n<li>Consultivo<\/li>\n<li>Optativas<\/li>\n<\/ul>\n<\/div><\/div><\/div><\/div><\/div><\/div><div class=\"w-separator size_custom\" style=\"height:30px\"><\/div><div class=\"wpb_text_column fancy\"><div class=\"wpb_wrapper\"><h5 style=\"text-align: center;\">Director de secundaria<\/h5>\n<\/div><\/div><div class=\"w-separator size_custom\" style=\"height:30px\"><\/div><div class=\"w-image us_custom_2416bfe9 style_circle align_center\"><div class=\"w-image-h\"><img decoding=\"async\" width=\"752\" height=\"710\" data-src=\"https:\/\/ashtonschool.edu.do\/wp-content\/uploads\/Screenshot-2025-03-18-at-8.19.05\u202fPM-e1742343579916.png\" class=\"attachment-full size-full lazyload\" alt=\"\" data-srcset=\"https:\/\/ashtonschool.edu.do\/wp-content\/uploads\/Screenshot-2025-03-18-at-8.19.05\u202fPM-e1742343579916.png 752w, https:\/\/ashtonschool.edu.do\/wp-content\/uploads\/Screenshot-2025-03-18-at-8.19.05\u202fPM-e1742343579916-300x283.png 300w, https:\/\/ashtonschool.edu.do\/wp-content\/uploads\/Screenshot-2025-03-18-at-8.19.05\u202fPM-e1742343579916-13x12.png 13w\" data-sizes=\"(max-width: 752px) 100vw, 752px\" src=\"data:image\/svg+xml;base64,PHN2ZyB3aWR0aD0iMSIgaGVpZ2h0PSIxIiB4bWxucz0iaHR0cDovL3d3dy53My5vcmcvMjAwMC9zdmciPjwvc3ZnPg==\" style=\"--smush-placeholder-width: 752px; --smush-placeholder-aspect-ratio: 752\/710;\" \/><\/div><\/div><div class=\"w-separator size_custom\" style=\"height:30px\"><\/div><div class=\"wpb_text_column\"><div class=\"wpb_wrapper\"><p style=\"text-align: left;\"><strong>Sra. Elsa Torres<\/strong><\/p>\n<p>La Sra. Torres es una maestra de coraz\u00f3n y todas las experiencias en su vida profesional la han llevado a trabajar con j\u00f3venes de diversas edades.<\/p>\n<p>30 a\u00f1os en el campo incluyen la educaci\u00f3n infantil como punto de partida, pasando a la ense\u00f1anza primaria y la administraci\u00f3n. Esta experiencia m\u00e1s tarde se convirti\u00f3 en una experiencia de 14 a\u00f1os como directora de secundaria, donde sigue asombrada por las diversas oportunidades de crecimiento que los j\u00f3venes demuestran cada d\u00eda.<\/p>\n<p>Sus otras pasiones son la m\u00fasica, la lectura y el cine\u2026 importantes recursos incorporados en su estilo de ense\u00f1anza y desarrollo personal.<\/p>\n<p>En Ashton School, la Sra. Torres se esfuerza por ofrecer una relaci\u00f3n comunitaria y de formaci\u00f3n de equipos que se preste a lograr un programa acad\u00e9mico y de liderazgo innovador y orientada a permitir que los estudiantes y el personal logren todo lo posible y se preparen para una experiencia universitaria desafiante pero exitosa. .<\/p>\n<\/div><\/div><\/div><\/div><\/div><\/div><\/div><\/section>\n<\/div>","protected":false},"excerpt":{"rendered":"Overview The Ashton School middle and high school curriculum is rigorously college preparatory with highly developed requirements in all academic areas. The academic program is well developed and broad in scope, offering English, Math, Social Studies, Science, Spanish Literature and Spanish Sociales courses, in grades 7th through 12th. The middle school program includes electives in...","protected":false},"author":1,"featured_media":41859,"parent":0,"menu_order":0,"comment_status":"closed","ping_status":"closed","template":"","meta":{"_acf_changed":false,"inline_featured_image":false,"footnotes":"","_links_to":"","_links_to_target":""},"class_list":["post-25919","page","type-page","status-publish","has-post-thumbnail","hentry"],"acf":[],"_links":{"self":[{"href":"https:\/\/ashtonschool.edu.do\/es\/wp-json\/wp\/v2\/pages\/25919","targetHints":{"allow":["GET"]}}],"collection":[{"href":"https:\/\/ashtonschool.edu.do\/es\/wp-json\/wp\/v2\/pages"}],"about":[{"href":"https:\/\/ashtonschool.edu.do\/es\/wp-json\/wp\/v2\/types\/page"}],"author":[{"embeddable":true,"href":"https:\/\/ashtonschool.edu.do\/es\/wp-json\/wp\/v2\/users\/1"}],"replies":[{"embeddable":true,"href":"https:\/\/ashtonschool.edu.do\/es\/wp-json\/wp\/v2\/comments?post=25919"}],"version-history":[{"count":15,"href":"https:\/\/ashtonschool.edu.do\/es\/wp-json\/wp\/v2\/pages\/25919\/revisions"}],"predecessor-version":[{"id":41904,"href":"https:\/\/ashtonschool.edu.do\/es\/wp-json\/wp\/v2\/pages\/25919\/revisions\/41904"}],"wp:featuredmedia":[{"embeddable":true,"href":"https:\/\/ashtonschool.edu.do\/es\/wp-json\/wp\/v2\/media\/41859"}],"wp:attachment":[{"href":"https:\/\/ashtonschool.edu.do\/es\/wp-json\/wp\/v2\/media?parent=25919"}],"curies":[{"name":"wp","href":"https:\/\/api.w.org\/{rel}","templated":true}]}}