{"id":25883,"date":"2020-03-22T01:40:58","date_gmt":"2020-03-22T05:40:58","guid":{"rendered":"https:\/\/new.ashtonschool.edu.do\/?page_id=25883"},"modified":"2025-11-05T11:36:22","modified_gmt":"2025-11-05T15:36:22","slug":"elementary","status":"publish","type":"page","link":"https:\/\/ashtonschool.edu.do\/es\/elementary\/","title":{"rendered":"Primaria"},"content":{"rendered":"<div class=\"wpb-content-wrapper\"><section class=\"l-section wpb_row us_custom_d2199d32 height_small width_full\"><div class=\"l-section-h i-cf\"><div class=\"g-cols vc_row via_flex valign_top type_default\"><div class=\"vc_col-sm-6 wpb_column vc_column_container\"><div class=\"vc_column-inner\"><div class=\"wpb_wrapper\"><div class=\"wpb_text_column fancy\"><div class=\"wpb_wrapper\"><h5 style=\"text-align: center;\">Visi\u00f3n general<\/h5>\n<\/div><\/div><div class=\"w-separator size_custom\" style=\"height:30px\"><\/div><div class=\"wpb_text_column\"><div class=\"wpb_wrapper\"><p>Nuestro compromiso en Ashton School es asegurarnos de que tan pronto como nuestros ni\u00f1os entren por nuestras puertas, sientan la calidez, el amor y el cuidado que tenemos para ofrecer. Los estudiantes aman su escuela y se sienten seguros. Entonces, es nuestro trabajo permitirles brillar a su manera especial; abriendo las puertas a innumerables oportunidades y ofertas para complacer a nuestros estudiantes y ayudarlos a desarrollar sus intereses y talentos. Desarrollar pensadores y ciudadanos independientes y colaborativos, sensibles a las necesidades de los dem\u00e1s, es una de las piedras angulares del programa de car\u00e1cter y valores de nuestra escuela.<\/p>\n<blockquote style=\"font-size: 1.5rem;\">\n<p>En Ashton nos sentimos motivados a servir, impactar y transformar los corazones de nuestros estudiantes.<\/p>\n<\/blockquote>\n<p>El plan de estudios de la escuela primaria es un programa acad\u00e9mico desafiante basado en los Est\u00e1ndares Estatales B\u00e1sicos Comunes Nacionales de EE. Nuestro plan de estudios acad\u00e9mico tambi\u00e9n incluye clases de espa\u00f1ol y sociales (estudios sociales dominicanos), basadas en los est\u00e1ndares dominicanos. Todos los estudiantes desde Pre Kinder hasta 6to grado asisten a clases co-curriculares que incluyen bellas artes, m\u00fasica, educaci\u00f3n del car\u00e1cter, tecnolog\u00eda y educaci\u00f3n f\u00edsica. Las clases de educaci\u00f3n f\u00edsica se imparten dos d\u00edas a la semana, alternando nataci\u00f3n y educaci\u00f3n f\u00edsica.<\/p>\n<p>Los estudiantes de primaria tambi\u00e9n participan en proyectos de servicio comunitario y deportes interescolares. Los ricos proyectos culturales y las experiencias de liderazgo mejoran nuestro programa alcanzable pero desafiante. Algunos ejemplos incluyen <a href=\"https:\/\/www.instagram.com\/amunrd\/\" target=\"_blank\" rel=\"noopener noreferrer\">Modelo de Naciones Unidas (MUN)<\/a> para estudiantes de primaria superior, participaci\u00f3n en Spelling Bee, club de lectura avanzada, Lego League, introducci\u00f3n al aprendizaje basado en proyectos (PBL), proyectos de servicio comunitario, ferias acad\u00e9micas y cient\u00edficas, entre otros.<\/p>\n<p>En nuestro viaje continuo de ofrecer programas basados en investigaci\u00f3n altamente calificados, hemos implementado el <a href=\"https:\/\/readingandwritingproject.org\/\" target=\"_blank\" rel=\"noopener noreferrer\">Proyecto de lectores y escritores de Teachers College<\/a>, un enfoque de gran \u00e9xito que presenta m\u00e9todos y herramientas para la ense\u00f1anza de la lectura y la escritura a trav\u00e9s de la investigaci\u00f3n y el desarrollo curricular. Este enfoque basado en la investigaci\u00f3n tiene como objetivo convertir a los ni\u00f1os en lectores y escritores seguros de por vida que muestren agencia e independencia.<\/p>\n<\/div><\/div><\/div><\/div><\/div><div class=\"vc_col-sm-6 wpb_column vc_column_container\"><div class=\"vc_column-inner\"><div class=\"wpb_wrapper\"><div class=\"wpb_text_column fancy\"><div class=\"wpb_wrapper\"><h5 style=\"text-align: center;\">Director de la escuela primaria<\/h5>\n<\/div><\/div><div class=\"w-separator size_custom\" style=\"height:30px\"><\/div><div class=\"w-image align_center\"><div class=\"w-image-h\"><img decoding=\"async\" width=\"794\" height=\"422\" data-src=\"https:\/\/ashtonschool.edu.do\/wp-content\/uploads\/2020\/03\/IMG-20170616-WA0003-e1585194633342.jpg\" class=\"attachment-full size-full lazyload\" alt=\"\" data-srcset=\"https:\/\/ashtonschool.edu.do\/wp-content\/uploads\/2020\/03\/IMG-20170616-WA0003-e1585194633342.jpg 794w, https:\/\/ashtonschool.edu.do\/wp-content\/uploads\/2020\/03\/IMG-20170616-WA0003-e1585194633342-600x319.jpg 600w, https:\/\/ashtonschool.edu.do\/wp-content\/uploads\/2020\/03\/IMG-20170616-WA0003-e1585194633342-300x159.jpg 300w\" data-sizes=\"(max-width: 794px) 100vw, 794px\" src=\"data:image\/svg+xml;base64,PHN2ZyB3aWR0aD0iMSIgaGVpZ2h0PSIxIiB4bWxucz0iaHR0cDovL3d3dy53My5vcmcvMjAwMC9zdmciPjwvc3ZnPg==\" style=\"--smush-placeholder-width: 794px; --smush-placeholder-aspect-ratio: 794\/422;\" \/><\/div><\/div><div class=\"w-separator size_custom\" style=\"height:15px\"><\/div><div class=\"wpb_text_column\"><div class=\"wpb_wrapper\"><p style=\"text-align: left;\"><strong>Sra. Yolanda Resek<\/strong><\/p>\n<p>La Sra. Resek es una maestra apasionada que a una edad muy temprana dise\u00f1\u00f3 un plan de vida para convertirse en una maestra dedicada que impactar\u00eda a los dem\u00e1s de una manera especial, inolvidable y afectuosa.<\/p>\n<p>Despu\u00e9s de seguir una carrera en educaci\u00f3n, dedic\u00f3 32 a\u00f1os a la ense\u00f1anza de la escuela primaria y secundaria, lo que la llev\u00f3 a su viaje continuo para convertirse alg\u00fan d\u00eda en una l\u00edder para los dem\u00e1s. Ella vive felizmente un sue\u00f1o hecho realidad que se hizo realidad hace ocho a\u00f1os aqu\u00ed en Ashton School.<\/p>\n<p>Caminar por los pasillos, saludar a los ni\u00f1os y pasar la mayor parte de su tiempo en las aulas uniendo a los estudiantes, cumple con su objetivo principal de crecer como educadora. Construir una relaci\u00f3n de por vida basada en el amor y el respeto por Dios y los dem\u00e1s es la raz\u00f3n por la que su trabajo se convierte en un pasatiempo diario agradable.<\/p>\n<p>Algunos de sus pasatiempos favoritos son leer, viajar, hacer ejercicio, estudiar otras culturas, cocinar y servir a los dem\u00e1s.<\/p>\n<\/div><\/div><\/div><\/div><\/div><\/div><\/div><\/section><section class=\"l-section wpb_row us_custom_f40229a5 height_small width_full\"><div class=\"l-section-h i-cf\"><div class=\"g-cols vc_row via_flex valign_top type_default\"><div class=\"vc_col-sm-12 wpb_column vc_column_container\"><div class=\"vc_column-inner\"><div class=\"wpb_wrapper\"><div class=\"wpb_text_column\"><div class=\"wpb_wrapper\"><div class=\"w-gallery cols_4 link_file with_indents\"><div class=\"w-gallery-list\"><a class=\"w-gallery-item order_1\" href=\"https:\/\/ashtonschool.edu.do\/wp-content\/uploads\/ashton-school-elementary-art-Cover.png\" title=\"ashton-school-elementary-art-Cover\"><div class=\"w-gallery-item-img\"><img decoding=\"async\" width=\"600\" height=\"600\" data-src=\"https:\/\/ashtonschool.edu.do\/wp-content\/uploads\/ashton-school-elementary-art-Cover-600x600.png\" class=\"attachment-us_600_600_crop size-us_600_600_crop lazyload\" alt=\"\" data-srcset=\"https:\/\/ashtonschool.edu.do\/wp-content\/uploads\/ashton-school-elementary-art-Cover-600x600.png 600w, https:\/\/ashtonschool.edu.do\/wp-content\/uploads\/ashton-school-elementary-art-Cover-150x150.png 150w, https:\/\/ashtonschool.edu.do\/wp-content\/uploads\/ashton-school-elementary-art-Cover-11x12.png 11w\" data-sizes=\"(max-width: 600px) 100vw, 600px\" src=\"data:image\/svg+xml;base64,PHN2ZyB3aWR0aD0iMSIgaGVpZ2h0PSIxIiB4bWxucz0iaHR0cDovL3d3dy53My5vcmcvMjAwMC9zdmciPjwvc3ZnPg==\" style=\"--smush-placeholder-width: 600px; --smush-placeholder-aspect-ratio: 600\/600;\" \/><\/div><\/a><a class=\"w-gallery-item order_2\" href=\"https:\/\/ashtonschool.edu.do\/wp-content\/uploads\/ashton-school-elementary-art-3.png\" title=\"ashton-school-elementary-art-3\"><div class=\"w-gallery-item-img\"><img decoding=\"async\" width=\"600\" height=\"600\" data-src=\"https:\/\/ashtonschool.edu.do\/wp-content\/uploads\/ashton-school-elementary-art-3-600x600.png\" class=\"attachment-us_600_600_crop size-us_600_600_crop lazyload\" alt=\"\" data-srcset=\"https:\/\/ashtonschool.edu.do\/wp-content\/uploads\/ashton-school-elementary-art-3-600x600.png 600w, https:\/\/ashtonschool.edu.do\/wp-content\/uploads\/ashton-school-elementary-art-3-150x150.png 150w\" data-sizes=\"(max-width: 600px) 100vw, 600px\" src=\"data:image\/svg+xml;base64,PHN2ZyB3aWR0aD0iMSIgaGVpZ2h0PSIxIiB4bWxucz0iaHR0cDovL3d3dy53My5vcmcvMjAwMC9zdmciPjwvc3ZnPg==\" style=\"--smush-placeholder-width: 600px; --smush-placeholder-aspect-ratio: 600\/600;\" \/><\/div><\/a><a class=\"w-gallery-item order_3\" href=\"https:\/\/ashtonschool.edu.do\/wp-content\/uploads\/ashton-school-elementary-art-2.png\" title=\"ashton-school-elementary-art-2\"><div class=\"w-gallery-item-img\"><img decoding=\"async\" width=\"600\" height=\"600\" data-src=\"https:\/\/ashtonschool.edu.do\/wp-content\/uploads\/ashton-school-elementary-art-2-600x600.png\" class=\"attachment-us_600_600_crop size-us_600_600_crop lazyload\" alt=\"\" data-srcset=\"https:\/\/ashtonschool.edu.do\/wp-content\/uploads\/ashton-school-elementary-art-2-600x600.png 600w, https:\/\/ashtonschool.edu.do\/wp-content\/uploads\/ashton-school-elementary-art-2-150x150.png 150w\" data-sizes=\"(max-width: 600px) 100vw, 600px\" src=\"data:image\/svg+xml;base64,PHN2ZyB3aWR0aD0iMSIgaGVpZ2h0PSIxIiB4bWxucz0iaHR0cDovL3d3dy53My5vcmcvMjAwMC9zdmciPjwvc3ZnPg==\" style=\"--smush-placeholder-width: 600px; --smush-placeholder-aspect-ratio: 600\/600;\" \/><\/div><\/a><a class=\"w-gallery-item order_4\" href=\"https:\/\/ashtonschool.edu.do\/wp-content\/uploads\/ashton-school-elementary-art-1.png\" title=\"ashton-school-elementary-art-1\"><div class=\"w-gallery-item-img\"><img decoding=\"async\" width=\"600\" height=\"600\" data-src=\"https:\/\/ashtonschool.edu.do\/wp-content\/uploads\/ashton-school-elementary-art-1-600x600.png\" class=\"attachment-us_600_600_crop size-us_600_600_crop lazyload\" alt=\"\" data-srcset=\"https:\/\/ashtonschool.edu.do\/wp-content\/uploads\/ashton-school-elementary-art-1-600x600.png 600w, https:\/\/ashtonschool.edu.do\/wp-content\/uploads\/ashton-school-elementary-art-1-150x150.png 150w\" data-sizes=\"(max-width: 600px) 100vw, 600px\" src=\"data:image\/svg+xml;base64,PHN2ZyB3aWR0aD0iMSIgaGVpZ2h0PSIxIiB4bWxucz0iaHR0cDovL3d3dy53My5vcmcvMjAwMC9zdmciPjwvc3ZnPg==\" style=\"--smush-placeholder-width: 600px; --smush-placeholder-aspect-ratio: 600\/600;\" \/><\/div><\/a><\/div><\/div>\n<\/div><\/div><\/div><\/div><\/div><\/div><\/div><\/section>\n<\/div>","protected":false},"excerpt":{"rendered":"Overview Our commitment at Ashton School is to ensure that as soon as our kiddos come in through our gates they feel the warmth, love and care that we have to offer. Students love their school and feel confident. It is our job then to allow them to shine in their own special way; opening...","protected":false},"author":1,"featured_media":41851,"parent":0,"menu_order":0,"comment_status":"closed","ping_status":"closed","template":"","meta":{"_acf_changed":false,"inline_featured_image":false,"footnotes":"","_links_to":"","_links_to_target":""},"class_list":["post-25883","page","type-page","status-publish","has-post-thumbnail","hentry"],"acf":[],"_links":{"self":[{"href":"https:\/\/ashtonschool.edu.do\/es\/wp-json\/wp\/v2\/pages\/25883","targetHints":{"allow":["GET"]}}],"collection":[{"href":"https:\/\/ashtonschool.edu.do\/es\/wp-json\/wp\/v2\/pages"}],"about":[{"href":"https:\/\/ashtonschool.edu.do\/es\/wp-json\/wp\/v2\/types\/page"}],"author":[{"embeddable":true,"href":"https:\/\/ashtonschool.edu.do\/es\/wp-json\/wp\/v2\/users\/1"}],"replies":[{"embeddable":true,"href":"https:\/\/ashtonschool.edu.do\/es\/wp-json\/wp\/v2\/comments?post=25883"}],"version-history":[{"count":37,"href":"https:\/\/ashtonschool.edu.do\/es\/wp-json\/wp\/v2\/pages\/25883\/revisions"}],"predecessor-version":[{"id":41891,"href":"https:\/\/ashtonschool.edu.do\/es\/wp-json\/wp\/v2\/pages\/25883\/revisions\/41891"}],"wp:featuredmedia":[{"embeddable":true,"href":"https:\/\/ashtonschool.edu.do\/es\/wp-json\/wp\/v2\/media\/41851"}],"wp:attachment":[{"href":"https:\/\/ashtonschool.edu.do\/es\/wp-json\/wp\/v2\/media?parent=25883"}],"curies":[{"name":"wp","href":"https:\/\/api.w.org\/{rel}","templated":true}]}}