{"id":24705,"date":"2020-03-11T18:30:34","date_gmt":"2020-03-11T18:30:34","guid":{"rendered":"https:\/\/new.ashtonschool.edu.do\/?page_id=24705"},"modified":"2024-12-10T20:09:02","modified_gmt":"2024-12-11T00:09:02","slug":"leadership","status":"publish","type":"page","link":"https:\/\/ashtonschool.edu.do\/es\/leadership\/","title":{"rendered":"Liderazgo"},"content":{"rendered":"<div class=\"wpb-content-wrapper\"><section class=\"l-section wpb_row us_custom_d2199d32 height_auto width_full\"><div class=\"l-section-h i-cf\"><div class=\"g-cols vc_row via_flex valign_top type_default\"><div class=\"vc_col-sm-12 wpb_column vc_column_container\"><div class=\"vc_column-inner us_custom_2eec13b6\"><div class=\"wpb_wrapper\"><div class=\"w-tabs us_custom_ea76afbe layout_ver navwidth_auto navpos_left style_default switch_click has_scrolling\" style=\"--sections-title-size:1em\"><div class=\"w-tabs-list items_3 align_none\" style=\"font-weight:500;\"><div class=\"w-tabs-list-h\"><a class=\"w-tabs-item active defined-active\" aria-controls=\"content-1584500379951-83766869-544296c2-ba60\" href=\"javascript:void(0);\"><span class=\"w-tabs-item-title\">Bienvenido<\/span><\/a><a class=\"w-tabs-item\" aria-controls=\"content-1584838786877-e0edea96-4a00\" href=\"javascript:void(0);\"><span class=\"w-tabs-item-title\">Directora de la Escuela<\/span><\/a><a class=\"w-tabs-item\" aria-controls=\"content-1584500605430-61b3ba12-cf1a96c2-ba60\" href=\"javascript:void(0);\"><span class=\"w-tabs-item-title\">Equipo GAAM<\/span><\/a><\/div><\/div><div class=\"w-tabs-sections titles-align_none icon_chevron cpos_right\"><div class=\"w-tabs-section active\" id=\"1584500379951-83766869-544296c2-ba60\"><button aria-controls=\"content-1584500379951-83766869-544296c2-ba60\" class=\"w-tabs-section-header active\"><div class=\"w-tabs-section-title\">Bienvenido<\/div><div class=\"w-tabs-section-control\"><\/div><\/button><div  class=\"w-tabs-section-content\" id=\"content-1584500379951-83766869-544296c2-ba60\" aria-expanded=\"true\"><div class=\"w-tabs-section-content-h i-cf\"><div class=\"wpb_text_column\"><div class=\"wpb_wrapper\"><p>Querida familia Ashton:<\/p>\n<p>Espero que las semanas de verano hayan permitido un v\u00ednculo familiar alegre y al menos alg\u00fan tiempo de dulce paz. Estamos emocionados de tener pronto a nuestros estudiantes de vuelta con nosotros, as\u00ed como de dar la bienvenida a nuevos estudiantes y padres que se unir\u00e1n a nuestra familia este a\u00f1o.<\/p>\n<p>Despu\u00e9s de dos a\u00f1os de maniobrar a trav\u00e9s de las aguas desconocidas de una pandemia mundial y de guiar a nuestros estudiantes para que demuestren resiliencia y encuentren fortaleza en Cristo, ahora abrazaremos la virtud de la generosidad.<\/p>\n<p>Si hemos reflexionado sobre lo que hemos visto y aprendido en los \u00faltimos dos a\u00f1os, creo que a pesar de los desaf\u00edos, podemos admitir que hemos sido muy bendecidos como familia escolar. De hecho, nuestros estudiantes y el personal demostraron resiliencia y fortaleza que nos permitieron brindar instrucci\u00f3n y apoyo espiritual y emocional, incluso con diferentes formatos. Los estudiantes florecieron, algunos necesitaron m\u00e1s apoyo que otros. Sin embargo, est\u00e1bamos all\u00ed, firmes en la fuerza de Cristo. Durante esos dos a\u00f1os, nuestra comunidad escolar permaneci\u00f3 casi intacta y este a\u00f1o recibiremos a m\u00e1s familias nuevas que nunca. Para aumentar la emoci\u00f3n de los nuevos comienzos, esperamos celebrar nuestro 25 aniversario m\u00e1s adelante en el a\u00f1o escolar.<\/p>\n<p>Parece apropiado que despu\u00e9s de recibir tantas bendiciones, este a\u00f1o escolar volvamos generosamente nuestro enfoque hacia los dem\u00e1s. El vers\u00edculo b\u00edblico ser\u00e1: \u201cEns\u00e9\u00f1ales a hacer el bien, a ser ricos en buenas obras, a ser generosos y dispuestos a compartir\u201d, 1 Timoteo 6:18.<\/p>\n<p>Nuestro tema musical ser\u00e1 &quot;Do Something&quot; de Matthew West. T\u00f3mese un tiempo para escuchar y leer la letra de este tema musical, al que volveremos en diferentes momentos a lo largo del a\u00f1o.<\/p>\n<p>Disfruta la semana que viene y nos vemos el 23 y 24 de agosto.<\/p>\n<p>\u00a1Dios te bendiga!<\/p>\n<\/div><\/div><div class=\"w-separator size_custom\" style=\"height:30px\"><\/div><div class=\"wpb_text_column us_custom_171bdaaa hand_bilbo\"><div class=\"wpb_wrapper\"><p>In\u00e9s Gygax<\/p>\n<\/div><\/div><div class=\"w-separator size_custom\" style=\"height:30px\"><\/div><\/div><\/div><\/div><div class=\"w-tabs-section\" id=\"1584838786877-e0edea96-4a00\"><button aria-controls=\"content-1584838786877-e0edea96-4a00\" class=\"w-tabs-section-header\"><div class=\"w-tabs-section-title\">Directora de la Escuela<\/div><div class=\"w-tabs-section-control\"><\/div><\/button><div  class=\"w-tabs-section-content\" id=\"content-1584838786877-e0edea96-4a00\" aria-expanded=\"false\"><div class=\"w-tabs-section-content-h i-cf\"><div class=\"w-separator size_custom\" style=\"height:30px\"><\/div><div class=\"wpb_text_column\"><div class=\"wpb_wrapper\"><p>Los 30 a\u00f1os de la Sra. Ines Gygax como educadora y administradora han incluido maestra de secundaria y preparatoria, jefa de departamento, directora acad\u00e9mica y durante los \u00faltimos 12 a\u00f1os como jefa de escuela en Ashton School. Estos a\u00f1os han estado llenos de experiencias gratificantes, pero su pasi\u00f3n es ver a los ni\u00f1os y adolescentes desarrollar sus conocimientos y habilidades acad\u00e9micas mientras crecen en su conocimiento y amor por Dios.<\/p>\n<blockquote>\n<p>Por \u00faltimo, hermanos y hermanas, todo lo que es verdadero, todo lo que es honorable, todo lo que es justo, todo lo que es puro, todo lo que es hermoso, todo lo que es encomiable, si hay alguna excelencia moral y si hay algo digno de alabanza, reflexionen sobre estas cosas. - Filipenses 4: 8<\/p>\n<\/blockquote>\n<p>Si bien el &quot;tiempo libre&quot; a menudo incluye leer, cocinar y pasar tiempo con su familia, uno de los mayores placeres es buscar y explorar literatura sobre ideas innovadoras en educaci\u00f3n y profundizar en estrategias y programas comprobados por investigaci\u00f3n que beneficiar\u00e1n a los estudiantes y a la escuela en general. mejora. Estas actividades se disfrutan a\u00fan m\u00e1s si hay vista al mar o al lago.<\/p>\n<p>La Sra. Gygax tiene una licenciatura en Administraci\u00f3n de Empresas de la Universidad de Connecticut, una Maestr\u00eda en Educaci\u00f3n de Framingham State College y un Certificado en Liderazgo Educativo para Escuelas Internacionales de la Universidad Estatal de Buffalo de Nueva York. En 2016, la Sra. Gygax recibi\u00f3 una beca para participar en el programa Klingenstein Center for Independent School Leadership para directores de escuelas en Teachers College, Columbia University.<\/p>\n<p>Es una bendici\u00f3n servir a la comunidad de Ashton y contribuir a la vida de los ni\u00f1os que tenemos la bendici\u00f3n de educar.<\/p>\n<\/div><\/div><\/div><\/div><\/div><div class=\"w-tabs-section\" id=\"1584500605430-61b3ba12-cf1a96c2-ba60\"><button aria-controls=\"content-1584500605430-61b3ba12-cf1a96c2-ba60\" class=\"w-tabs-section-header\"><div class=\"w-tabs-section-title\">Equipo GAAM<\/div><div class=\"w-tabs-section-control\"><\/div><\/button><div  class=\"w-tabs-section-content\" id=\"content-1584500605430-61b3ba12-cf1a96c2-ba60\" aria-expanded=\"false\"><div class=\"w-tabs-section-content-h i-cf\"><div class=\"wpb_text_column fancy\"><div class=\"wpb_wrapper\"><h5 class=\"red\" style=\"text-align: center;\">Miembros acad\u00e9micos y administrativos generales<br \/>\n(Equipo GAAM)<\/h5>\n<\/div><\/div><div class=\"w-separator size_custom\" style=\"height:30px\"><\/div><div class=\"g-cols wpb_row us_custom_d2199d32 via_flex valign_top type_default\"><div class=\"vc_col-sm-6 wpb_column vc_column_container\"><div class=\"vc_column-inner\"><div class=\"wpb_wrapper\"><div class=\"wpb_text_column fancy\"><div class=\"wpb_wrapper\"><p><span style=\"font-weight: 400;\">Sra. In\u00e9s Gygax<\/span><span style=\"font-weight: 400;\"><br \/>\n<\/span><i><span style=\"font-weight: 400;\">Directora de la Escuela<\/span><\/i><\/p>\n<p><span style=\"font-weight: 400;\">Sra. Yolanda Resek<\/span><span style=\"font-weight: 400;\"><br \/>\n<\/span><i><span style=\"font-weight: 400;\">Director de preescolar y primaria<\/span><\/i><\/p>\n<p><span style=\"font-weight: 400;\">Sra. Elsa Torres<\/span><span style=\"font-weight: 400;\"><br \/>\n<\/span><i><span style=\"font-weight: 400;\">Director de la escuela secundaria<\/span><\/i><\/p>\n<p><span style=\"font-weight: 400;\">Sra. Laura Viera<\/span><span style=\"font-weight: 400;\"><br \/>\n<\/span><i><span style=\"font-weight: 400;\">Coordinador de mejora acad\u00e9mica y escolar<\/span><\/i><\/p>\n<p><span style=\"font-weight: 400;\">Sra. Wendy Rudeke<\/span><span style=\"font-weight: 400;\"><br \/>\n<\/span><i><span style=\"font-weight: 400;\">Guidance Department Head, Secondary School Counselor<\/span><\/i><\/p>\n<p><span style=\"font-weight: 400;\">Sra. Sarah Rodr\u00edguez<\/span><span style=\"font-weight: 400;\"><br \/>\n<\/span><i><span style=\"font-weight: 400;\">Consejero de primaria<\/span><\/i><\/p>\n<\/div><\/div><\/div><\/div><\/div><div class=\"vc_col-sm-6 wpb_column vc_column_container\"><div class=\"vc_column-inner\"><div class=\"wpb_wrapper\"><div class=\"wpb_text_column\"><div class=\"wpb_wrapper\"><p><span style=\"font-weight: 400;\">Sr. Stalin Gavil\u00e1n<\/span><span style=\"font-weight: 400;\"><br \/>\n<\/span><i><span style=\"font-weight: 400;\">Asistente principal<\/span><\/i><\/p>\n<p><span style=\"font-weight: 400;\">Ms. Ivana Reyes<\/span><span style=\"font-weight: 400;\"><br \/>\n<\/span><i><span style=\"font-weight: 400;\">Community Engagement Manager<\/span><\/i><\/p>\n<p><span style=\"font-weight: 400;\">Sra. Sarah Julian<\/span><span style=\"font-weight: 400;\"><br \/>\n<\/span><i><span style=\"font-weight: 400;\">Administrative Services Director<\/span><\/i><\/p>\n<p><span style=\"font-weight: 400;\">Ms. Patricia Morillo<\/span><span style=\"font-weight: 400;\"><br \/>\n<\/span><i><span style=\"font-weight: 400;\">Operations Director<\/span><\/i><\/p>\n<p>Chantal Rosario \/ Ashton <em>Connections &amp; Enrichment Coordinator<\/em><\/p>\n<\/div><\/div><\/div><\/div><\/div><\/div><\/div><\/div><\/div><\/div><\/div><\/div><\/div><\/div><\/div><\/div><\/section>\n<\/div>","protected":false},"excerpt":{"rendered":"BienvenidoDirector de la escuelaEquipo GAAMBienvenidoEstimada familia de Ashton: Espero que las semanas de verano hayan permitido un v\u00ednculo familiar alegre y al menos un tiempo de dulce paz. Estamos emocionados de tener pronto a nuestros estudiantes de vuelta con nosotros, as\u00ed como de dar la bienvenida a nuevos estudiantes y padres que se unir\u00e1n a nuestra familia este a\u00f1o. Despu\u00e9s de dos a\u00f1os...","protected":false},"author":1,"featured_media":25797,"parent":0,"menu_order":0,"comment_status":"closed","ping_status":"closed","template":"","meta":{"_acf_changed":false,"inline_featured_image":false,"footnotes":"","_links_to":"","_links_to_target":""},"class_list":["post-24705","page","type-page","status-publish","has-post-thumbnail","hentry"],"acf":[],"_links":{"self":[{"href":"https:\/\/ashtonschool.edu.do\/es\/wp-json\/wp\/v2\/pages\/24705","targetHints":{"allow":["GET"]}}],"collection":[{"href":"https:\/\/ashtonschool.edu.do\/es\/wp-json\/wp\/v2\/pages"}],"about":[{"href":"https:\/\/ashtonschool.edu.do\/es\/wp-json\/wp\/v2\/types\/page"}],"author":[{"embeddable":true,"href":"https:\/\/ashtonschool.edu.do\/es\/wp-json\/wp\/v2\/users\/1"}],"replies":[{"embeddable":true,"href":"https:\/\/ashtonschool.edu.do\/es\/wp-json\/wp\/v2\/comments?post=24705"}],"version-history":[{"count":51,"href":"https:\/\/ashtonschool.edu.do\/es\/wp-json\/wp\/v2\/pages\/24705\/revisions"}],"predecessor-version":[{"id":41598,"href":"https:\/\/ashtonschool.edu.do\/es\/wp-json\/wp\/v2\/pages\/24705\/revisions\/41598"}],"wp:featuredmedia":[{"embeddable":true,"href":"https:\/\/ashtonschool.edu.do\/es\/wp-json\/wp\/v2\/media\/25797"}],"wp:attachment":[{"href":"https:\/\/ashtonschool.edu.do\/es\/wp-json\/wp\/v2\/media?parent=24705"}],"curies":[{"name":"wp","href":"https:\/\/api.w.org\/{rel}","templated":true}]}}